{"id":102,"date":"2022-04-27T11:46:08","date_gmt":"2022-04-27T14:46:08","guid":{"rendered":"https:\/\/test.cct.ufcg.edu.br\/?page_id=102"},"modified":"2022-04-27T11:46:08","modified_gmt":"2022-04-27T14:46:08","slug":"pos-cursos","status":"publish","type":"page","link":"https:\/\/uaema.ufcg.edu.br\/en\/pos-cursos\/","title":{"rendered":"Courses"},"content":{"rendered":"<p>O Programa de P\u00f3s-Gradua\u00e7\u00e3o em Ci\u00eancia e Engenharia de Materiais, PPG-CEMat, da Universidade Federal de Campina Grande, oferece cursos de Mestrado e Doutorado (reconhecimento atrav\u00e9s da PORTARIA No 1.077, de 31 de Agosto 2012 do Minist\u00e9rio da Educa\u00e7\u00e3o), para profissionais das \u00e1reas de Engenharia, Qu\u00edmica, F\u00edsica e \u00e1reas afins que visam desenvolver pesquisas e se qualificar profissionalmente em tecnologia e ci\u00eancia dos materiais, mais especificamente na \u00e1rea de Estrutura, Processamento e Propriedades de Materiais.<\/p>\n\n\n\n<p>O ingresso nos cursos do PPG-CEMat se d\u00e1 atrav\u00e9s de Edital de Sele\u00e7\u00e3o P\u00fablica, aberto duas vezes por ano, com entrada de discentes em Mar\u00e7o e em Setembro. A sele\u00e7\u00e3o \u00e9 realizada com base na nota de Prova de conhecimentos b\u00e1sicos em Ci\u00eancia e Engenharia de Materiais e na an\u00e1lise de Curr\u00edculo e de Hist\u00f3rico Escolar.<\/p>","protected":false},"excerpt":{"rendered":"<p>O Programa de P\u00f3s-Gradua\u00e7\u00e3o em Ci\u00eancia e Engenharia de Materiais, PPG-CEMat, da Universidade Federal de Campina Grande, oferece cursos de Mestrado e Doutorado (reconhecimento atrav\u00e9s da PORTARIA No 1.077, de 31 de Agosto 2012 do Minist\u00e9rio da Educa\u00e7\u00e3o), para profissionais das \u00e1reas de Engenharia, Qu\u00edmica, F\u00edsica e \u00e1reas afins que visam desenvolver pesquisas e se [&hellip;]<\/p>","protected":false},"author":1,"featured_media":0,"parent":0,"menu_order":0,"comment_status":"closed","ping_status":"closed","template":"","meta":{"footnotes":""},"class_list":["post-102","page","type-page","status-publish","hentry"],"_links":{"self":[{"href":"https:\/\/uaema.ufcg.edu.br\/en\/wp-json\/wp\/v2\/pages\/102","targetHints":{"allow":["GET"]}}],"collection":[{"href":"https:\/\/uaema.ufcg.edu.br\/en\/wp-json\/wp\/v2\/pages"}],"about":[{"href":"https:\/\/uaema.ufcg.edu.br\/en\/wp-json\/wp\/v2\/types\/page"}],"author":[{"embeddable":true,"href":"https:\/\/uaema.ufcg.edu.br\/en\/wp-json\/wp\/v2\/users\/1"}],"replies":[{"embeddable":true,"href":"https:\/\/uaema.ufcg.edu.br\/en\/wp-json\/wp\/v2\/comments?post=102"}],"version-history":[{"count":1,"href":"https:\/\/uaema.ufcg.edu.br\/en\/wp-json\/wp\/v2\/pages\/102\/revisions"}],"predecessor-version":[{"id":103,"href":"https:\/\/uaema.ufcg.edu.br\/en\/wp-json\/wp\/v2\/pages\/102\/revisions\/103"}],"wp:attachment":[{"href":"https:\/\/uaema.ufcg.edu.br\/en\/wp-json\/wp\/v2\/media?parent=102"}],"curies":[{"name":"wp","href":"https:\/\/api.w.org\/{rel}","templated":true}]}}