{"id":105,"date":"2022-04-27T11:47:28","date_gmt":"2022-04-27T14:47:28","guid":{"rendered":"https:\/\/test.cct.ufcg.edu.br\/?page_id=105"},"modified":"2022-04-27T11:47:28","modified_gmt":"2022-04-27T14:47:28","slug":"pos-linhas-de-pesquisa","status":"publish","type":"page","link":"https:\/\/uaema.ufcg.edu.br\/en\/pos-linhas-de-pesquisa\/","title":{"rendered":"Research Lines"},"content":{"rendered":"<h2 class=\"wp-block-heading\">Concentration Area<\/h2>\n\n\n\n<p>MATERIALS STRUCTURE, PROCESSING AND PROPERTIES<\/p>\n\n\n\n<h2 class=\"wp-block-heading\">Research Lines<\/h2>\n\n\n\n<ul class=\"wp-block-list\"><li>ADVANCED MATERIALS<\/li><li>MATERIALS DURABILITY AND RECYCLING<\/li><li>COMPOSITES AND BLENDS<\/li><li>PHYSICAL METALLURGY<\/li><li>CERAMIC MATERIALS<\/li><\/ul>","protected":false},"excerpt":{"rendered":"<p>\u00c1rea de Concentra\u00e7\u00e3o ESTRUTURA, PROCESSAMENTO E PROPRIEDADES DE MATERIAIS Linhas de Pesquisa: MATERIAIS AVAN\u00c7ADOS DURABILIDADE E RECICLAGEM DE MATERIAIS COMP\u00d3SITOS E BLENDAS METALURGIA F\u00cdSICA MATERIAIS CER\u00c2MICOS<\/p>","protected":false},"author":1,"featured_media":0,"parent":0,"menu_order":0,"comment_status":"closed","ping_status":"closed","template":"","meta":{"footnotes":""},"class_list":["post-105","page","type-page","status-publish","hentry"],"_links":{"self":[{"href":"https:\/\/uaema.ufcg.edu.br\/en\/wp-json\/wp\/v2\/pages\/105","targetHints":{"allow":["GET"]}}],"collection":[{"href":"https:\/\/uaema.ufcg.edu.br\/en\/wp-json\/wp\/v2\/pages"}],"about":[{"href":"https:\/\/uaema.ufcg.edu.br\/en\/wp-json\/wp\/v2\/types\/page"}],"author":[{"embeddable":true,"href":"https:\/\/uaema.ufcg.edu.br\/en\/wp-json\/wp\/v2\/users\/1"}],"replies":[{"embeddable":true,"href":"https:\/\/uaema.ufcg.edu.br\/en\/wp-json\/wp\/v2\/comments?post=105"}],"version-history":[{"count":1,"href":"https:\/\/uaema.ufcg.edu.br\/en\/wp-json\/wp\/v2\/pages\/105\/revisions"}],"predecessor-version":[{"id":106,"href":"https:\/\/uaema.ufcg.edu.br\/en\/wp-json\/wp\/v2\/pages\/105\/revisions\/106"}],"wp:attachment":[{"href":"https:\/\/uaema.ufcg.edu.br\/en\/wp-json\/wp\/v2\/media?parent=105"}],"curies":[{"name":"wp","href":"https:\/\/api.w.org\/{rel}","templated":true}]}}