{"id":108,"date":"2022-04-27T11:49:44","date_gmt":"2022-04-27T14:49:44","guid":{"rendered":"https:\/\/test.cct.ufcg.edu.br\/?page_id=108"},"modified":"2025-06-18T08:38:11","modified_gmt":"2025-06-18T11:38:11","slug":"pos-infraestrutura","status":"publish","type":"page","link":"https:\/\/uaema.ufcg.edu.br\/en\/pos-infraestrutura\/","title":{"rendered":"Infra and Labs"},"content":{"rendered":"<p>Science and Materials Engineering Postgraduate Program has continually improved its infrastructure through the construction of new laboratories and through the acquisition of new equipment that enables the development of research, teaching, extension and administration.<\/p>\n\n\n\n<p>Among the funding agencies and the funding lines that have enabled this improvement, CTINFRA\/FINEP, Universal\/CNPq; Pr\u00f3-Equipamento\/CAPES; Habitare\/FINEP, CTPETRO\/CNPq; CTMINERAL\/CNPq, ANVISA, among other, stand out.<\/p>\n\n\n\n<p>In this context, these are the laboratories that support PPG-CEMat:<\/p>\n\n\n\n<ol class=\"wp-block-list\">\n<li><a href=\"https:\/\/pnipe.mcti.gov.br\/laboratory\/8389\" data-type=\"link\" data-id=\"https:\/\/pnipe.mctic.gov.br\/laboratory\/8389\">Laborat\u00f3rio de Caracteriza\u00e7\u00e3o de Materiais (LCM)<\/a> (Laborat\u00f3rio Multiusu\u00e1rio);<\/li>\n\n\n\n<li><a href=\"https:\/\/pnipe.mcti.gov.br\/laboratory\/69\" data-type=\"link\" data-id=\"https:\/\/pnipe.mcti.gov.br\/laboratory\/69\">Laborat\u00f3rio Multidisciplinar de Materiais e Estruturas Ativas (LaMMEA)<\/a> (Laborat\u00f3rio Multiusu\u00e1rio);<\/li>\n\n\n\n<li><a href=\"https:\/\/pnipe.mcti.gov.br\/laboratory\/12316\" data-type=\"link\" data-id=\"https:\/\/pnipe.mcti.gov.br\/laboratory\/12316\">Laborat\u00f3rio de S\u00edntese de Materiais Cer\u00e2micos (LabSMAC)<\/a> (Laborat\u00f3rio Multiusu\u00e1rio);<\/li>\n\n\n\n<li><a href=\"https:\/\/pnipe.mcti.gov.br\/laboratory\/13199\" data-type=\"link\" data-id=\"https:\/\/pnipe.mcti.gov.br\/laboratory\/13199\">Laborat\u00f3rio de Desenvolvimento e Caracteriza\u00e7\u00e3o de Membranas (LDCM<\/a>) (Laborat\u00f3rio Multiusu\u00e1rio);<\/li>\n\n\n\n<li><a href=\"https:\/\/pnipe.mcti.gov.br\/laboratory\/13197\" data-type=\"link\" data-id=\"https:\/\/pnipe.mcti.gov.br\/laboratory\/13197\">Laborat\u00f3rio de Processamento de Pol\u00edmeros (LPP<\/a><a href=\"http:\/\/Laborat\u00f3rio de Processamento de Pol\u00edmeros (LOAProP);\">)<\/a>; (Laborat\u00f3rio Multiusu\u00e1rio)<\/li>\n\n\n\n<li><a href=\"https:\/\/pnipe.mcti.gov.br\/laboratory\/3013\" data-type=\"link\" data-id=\"https:\/\/pnipe.mcti.gov.br\/laboratory\/3013\">Laborat\u00f3rio de Desenvolvimento e Avalia\u00e7\u00e3o de Biomateriais (CERTBIO)<\/a> (Laborat\u00f3rio Multiusu\u00e1rio);<\/li>\n\n\n\n<li>Nanocomposite Laboratory (Nanopol);<\/li>\n\n\n\n<li>Solid Residue Recycling Laboratory (ResidLab);<\/li>\n\n\n\n<li>Laborat\u00f3rio de Termoan\u00e1lises (LabTerm) (Antigo Laborat\u00f3rios de An\u00e1lises T\u00e9rmicas (LabTer));<\/li>\n\n\n\n<li>Mechanical Tests Laboratory (LabMec)<\/li>\n\n\n\n<li><a href=\"https:\/\/pnipe.mcti.gov.br\/laboratory\/13081\" data-type=\"link\" data-id=\"https:\/\/pnipe.mcti.gov.br\/laboratory\/13081\">Laborat\u00f3rio de Reologia e Processamento de Pol\u00edmeros (LRPP)<\/a> (Laborat\u00f3rio Multiusu\u00e1rio);<\/li>\n\n\n\n<li>Thermal Fusion and Treatment Laboratory (LabFTer);<\/li>\n\n\n\n<li>Computational Mechanics Laboratory (LabMCom);<\/li>\n\n\n\n<li>Metallography Laboratory (LabMet);<\/li>\n\n\n\n<li>Metrology and Machining Laboratory (LabMUsin)<\/li>\n\n\n\n<li>Welding Laboratory (LabSold);<\/li>\n\n\n\n<li>Thin Film Laboratory (LabFilmes);<\/li>\n\n\n\n<li>(Laborat\u00f3rio de S\u00edntese de Materiais e Vidros (LaSMaV) (Antigo Laborat\u00f3rio de Tecnologia de Vidros);<\/li>\n\n\n\n<li><a href=\"https:\/\/pnipe.mcti.gov.br\/laboratory\/12164\" data-type=\"link\" data-id=\"https:\/\/pnipe.mcti.gov.br\/laboratory\/12164\">Laborat\u00f3rio de Tecnologia de Materiais (LTM)<\/a> (Laborat\u00f3rio Multiusu\u00e1rio);<\/li>\n\n\n\n<li><a href=\"https:\/\/pnipe.mcti.gov.br\/laboratory\/19705\">Laborat\u00f3rio de Propriedades El\u00e9tricas de Pol\u00edmeros (LAPEL)<\/a> (Laborat\u00f3rio Multiusu\u00e1rio);<\/li>\n\n\n\n<li><a href=\"https:\/\/pnipe.mcti.gov.br\/laboratory\/19706\">Laborat\u00f3rio de Manufatura Aditiva e Inova\u00e7\u00e3o em Materiais (LIMA)<\/a> (Laborat\u00f3rio Multiusu\u00e1rio).<\/li>\n<\/ol>\n\n\n\n<p>To enable PPG-CEMat researches, these laboratories have the following equipment, among others: hydrocyclone purification and clay organophilization pilot unit, ceramic extruders, dip coating, rolling mills, automatic and semi-automatic presses, freeze-dryers, polymer extruders, modular corrotational double screw extruder, Hack closed mixer, rheometers and viscometers, abrasimeters, zeta potential determiner, gas pycnometer, particle size analyzer, (micrometric and nanometric), universal test machine, microdriometer, high temperature furnances (1700oC and 2200oC with controlled atmosphere), dilatometers, high-power microwave oven, scanning electron microscope, atomic-force microscopy, x-ray diffraction equipment, atomic emission spectrometer with coupled plasma, infrared spectrometer, UV\/Vis spectrometer, thermal analysis spectrometer (DTA, DSC e TG), dilatometry, specific surface area determination, mercury porosimetry.<\/p>\n\n\n\n<p>Esses Laborat\u00f3rios s\u00e3o agrupados em Laborat\u00f3rios Multiusu\u00e1rios e Laborat\u00f3rios de Pesquisa. Os laborat\u00f3rios Multiusu\u00e1rios s\u00e3o geridos por um Comit\u00ea Gestor, respons\u00e1vel por tra\u00e7ar as pol\u00edticas de acesso aos equipamentos e seu modelo de gest\u00e3o. O atual Comit\u00ea Gestor (renovado a cada 2 anos) \u00e9 composto por:<\/p>\n\n\n\n<p>Presidente: Coordenador do PPG-CEMat<br>Prof. Dr. Romualdo Rodrigues Menezes<br>Membros:<br>Prof.a Dr.a Ana Cristina Figueiredo de Melo Costa<br>Prof. Dr. Carlos Jos\u00e9 de Ara\u00fajo<br>Prof.a Dr.a Edcleide Maria Ara\u00fajo<br>Prof. Dr. Gelmires de Ara\u00fajo Neves<br>Prof.a. Dr.a Su\u00e9dina Maria de Lima Silva<br>Prof. Dr. Tom\u00e1s Jeferson Alves de M\u00e9lo<\/p>\n\n\n\n<p>A disponibiliza\u00e7\u00e3o dos equipamentos&nbsp;para a realiza\u00e7\u00e3o de ensaios por parte da Sociedade Civil e da Sociedade Acad\u00eamica se d\u00e1 por contato direto com a Secretaria dos Laborat\u00f3rios, no caso de agentes&nbsp;internos e&nbsp;externos a UFCG;&nbsp;atrav\u00e9s da plataforma SEI (<a href=\"http:\/\/www.sei.ufcg.edu.br\/\" target=\"_blank\" rel=\"noreferrer noopener\">www.sei.ufcg.edu.br<\/a>) no caso dos agentes internos&nbsp;e externos&nbsp;a UFCG;&nbsp;e atrav\u00e9s da Plataforma Nacional de Infraestrutura de Pesquisa do MCTI (PNIPE) (<a href=\"https:\/\/pnipe.mcti.gov.br\/\" target=\"_blank\" rel=\"noreferrer noopener\">https:\/\/pnipe.mcti.gov.br\/<\/a>), with request directly on the Laboratory website on the PNIPE Platform, in the case of external agents.<\/p>","protected":false},"excerpt":{"rendered":"<p>O Programa de P\u00f3s-Gradua\u00e7\u00e3o em Ci\u00eancia e Engenharia de Materiais vem melhorando continuamente sua infra-estrutura atrav\u00e9s da constru\u00e7\u00e3o de novos laborat\u00f3rios, como tamb\u00e9m aquisi\u00e7\u00e3o de novos equipamentos, de modo a possibilitar a infraestrutura mais adequada ao desenvolvimento das atividade de pesquisa, ensino, extens\u00e3o e administra\u00e7\u00e3o. Dentre as ag\u00eancias financiadoras e linhas de fomento que t\u00eam [&hellip;]<\/p>","protected":false},"author":1,"featured_media":0,"parent":0,"menu_order":0,"comment_status":"closed","ping_status":"closed","template":"","meta":{"footnotes":""},"class_list":["post-108","page","type-page","status-publish","hentry"],"_links":{"self":[{"href":"https:\/\/uaema.ufcg.edu.br\/en\/wp-json\/wp\/v2\/pages\/108","targetHints":{"allow":["GET"]}}],"collection":[{"href":"https:\/\/uaema.ufcg.edu.br\/en\/wp-json\/wp\/v2\/pages"}],"about":[{"href":"https:\/\/uaema.ufcg.edu.br\/en\/wp-json\/wp\/v2\/types\/page"}],"author":[{"embeddable":true,"href":"https:\/\/uaema.ufcg.edu.br\/en\/wp-json\/wp\/v2\/users\/1"}],"replies":[{"embeddable":true,"href":"https:\/\/uaema.ufcg.edu.br\/en\/wp-json\/wp\/v2\/comments?post=108"}],"version-history":[{"count":12,"href":"https:\/\/uaema.ufcg.edu.br\/en\/wp-json\/wp\/v2\/pages\/108\/revisions"}],"predecessor-version":[{"id":1195,"href":"https:\/\/uaema.ufcg.edu.br\/en\/wp-json\/wp\/v2\/pages\/108\/revisions\/1195"}],"wp:attachment":[{"href":"https:\/\/uaema.ufcg.edu.br\/en\/wp-json\/wp\/v2\/media?parent=108"}],"curies":[{"name":"wp","href":"https:\/\/api.w.org\/{rel}","templated":true}]}}