{"id":111,"date":"2022-04-27T12:00:23","date_gmt":"2022-04-27T15:00:23","guid":{"rendered":"https:\/\/test.cct.ufcg.edu.br\/?page_id=111"},"modified":"2022-04-27T12:00:23","modified_gmt":"2022-04-27T15:00:23","slug":"estrutura-curricular","status":"publish","type":"page","link":"https:\/\/uaema.ufcg.edu.br\/en\/estrutura-curricular\/","title":{"rendered":"Curriculum"},"content":{"rendered":"<p>Our curriculum is in accordance with the graduation of extremely capable professors in Science and Materials Engineering. Despite this definition, our program is open for other specialties undergraduates since they may adapt to our curriculum and develop activities successfully.<\/p>\n\n\n\n<p>Our curriculum is made of compulsory subjects, Material Science and Materials Characterization Technique, and optional subjects for graduation in both generic and specific formation. The compulsory subjects aim to develop learners\u2019 leveling. It is noteworthy that those who were not originally admitted to Engineering may have some difficulties, but, with proper assistance, they can fix it.<\/p>\n\n\n\n<p>The second group of subjects is made of general graduation subjects aimed to research development and of subjects related to materials technology specialization. There are 24 options, including specific subjects related to polymer, ceramic and metal technology. To meet PPG-CEmat students\u2019 necessities, subjects like Special Topics may be included in our program, depending on the availability of UFCG and \/ or guest professors.<\/p>\n\n\n\n<p>The curriculum is in accordance with PPG-CEMat research lines: Composites, Blends, Materials Durability and Recycling, Advanced Materials, Ceramic Materials and Physical Metallurgy, so that students are given the necessary technical and scientific subsidies for the development of Postgraduate works.<\/p>\n\n\n\n<p>In order to provide Master\u2019s Degree, PPG-CEMat demands: 22 hours of classes; dissertation project approved by Collegiate; Master seminar approved by qualified board and homologated by Collegiate, and Master Dissertation approved by qualified board and Collegiate. The demands for Doctorate are: 35 hours of classes; Project, Seminar and Qualification approved by qualified board and homologated by Collegiate and Thesis approved by board and Collegiate.<\/p>\n\n\n\n<p>The table below presents PPG-CEMat compulsory and specific subjects, as well as the workloads.<\/p>\n\n\n\n<h2 class=\"wp-block-heading\">Mandatory<\/h2>\n\n\n\n<figure class=\"wp-block-table\"><table><thead><tr><th><strong>DISCIPLINA<\/strong><\/th><th><strong>CARGA HOR\u00c1RIA<\/strong><\/th><th><strong>CR\u00c9DITOS<\/strong><\/th><\/tr><\/thead><tbody><tr><td>CI\u00caNCIA DOS MATERIAIS<\/td><td>60h<\/td><td>4<\/td><\/tr><tr><td>T\u00c9CNICAS DE CARACTERIZA\u00c7\u00c3O DOS MATERIAIS<\/td><td>60h<\/td><td>4<\/td><\/tr><\/tbody><\/table><\/figure>\n\n\n\n<h2 class=\"wp-block-heading\">Electives<\/h2>\n\n\n\n<figure class=\"wp-block-table\"><table><thead><tr><th><strong>DISCIPLINA<\/strong><\/th><th><strong>CARGA HOR\u00c1RIA<\/strong><\/th><th><strong>CR\u00c9DITOS<\/strong><\/th><\/tr><\/thead><tbody><tr><td>ARGILAS &#8211; PROPRIEDADES E USOS<\/td><td>45hs<\/td><td>3<\/td><\/tr><tr><td>BLENDAS POLIM\u00c9RICAS<\/td><td>45hs<\/td><td>3<\/td><\/tr><tr><td>DEGRADA\u00c7\u00c3O E ESTABILIZA\u00c7\u00c3O DE POL\u00cdMEROS<\/td><td>30hs<\/td><td>2<\/td><\/tr><tr><td>DIAGRAMAS DE EQUIL\u00cdBRIO<\/td><td>60hs<\/td><td>4<\/td><\/tr><tr><td>ENSAIOS DOS MATERIAIS<\/td><td>45h<\/td><td>3<\/td><\/tr><tr><td>EST\u00c1GIO DOC\u00caNCIA<\/td><td>30h<\/td><td>2<\/td><\/tr><tr><td>F\u00cdSICA DE POL\u00cdMEROS<\/td><td>60h<\/td><td>4<\/td><\/tr><tr><td>MATERIAIS COMP\u00d3SITOS<\/td><td>45h<\/td><td>3<\/td><\/tr><tr><td>MEC\u00c2NICA DA FRATURA<\/td><td>60h<\/td><td>4<\/td><\/tr><tr><td>METALURGIA DA SOLDAGEM<\/td><td>45h<\/td><td>3<\/td><\/tr><tr><td>PHYSICAL METALLURGY<\/td><td>60h<\/td><td>4<\/td><\/tr><tr><td>METODOLOGIA DO ENSINO SUPERIOR<\/td><td>60h<\/td><td>4<\/td><\/tr><tr><td>MODIFICA\u00c7\u00c3O QU\u00cdMICA DE POL\u00cdMEROS<\/td><td>45h<\/td><td>3<\/td><\/tr><tr><td>M\u00c9TODOS TERMOANAL\u00cdTICOS<\/td><td>60h<\/td><td>4<\/td><\/tr><tr><td>PLANEJAMENTO EXPERIMENTAL E OTIMIZA\u00c7\u00c3O DE PROCESSOS<\/td><td>45h<\/td><td>3<\/td><\/tr><tr><td>PROCESSAMENTO CER\u00c2MICO<\/td><td>60h<\/td><td>4<\/td><\/tr><tr><td>PROCESSAMENTO CER\u00c2MICO N\u00c3O CONVENCIONAL<\/td><td>60h<\/td><td>4<\/td><\/tr><tr><td>PROCESSAMENTO DE MATERIAIS MET\u00c1LICOS<\/td><td>60h<\/td><td>4<\/td><\/tr><tr><td>PROJETO*<\/td><td>15h<\/td><td>1<\/td><\/tr><tr><td>PROPRIEDADES DE MATERIAIS CER\u00c2MICOS<\/td><td>60h<\/td><td>4<\/td><\/tr><tr><td>RECICLAGEM DE MATERIAIS<\/td><td>45h<\/td><td>3<\/td><\/tr><tr><td>REOLOGIA E PROCESSAMENTO DE POL\u00cdMEROS<\/td><td>60h<\/td><td>4<\/td><\/tr><tr><td>REVESTIMENTOS E ADESIVOS<\/td><td>30h<\/td><td>2<\/td><\/tr><tr><td>SEMIN\u00c1RIO<\/td><td>15h<\/td><td>1<\/td><\/tr><tr><td>SOLIDIFICA\u00c7\u00c3O<\/td><td>60h<\/td><td>4<\/td><\/tr><tr><td>S\u00cdNTESE DE POL\u00cdMEROS<\/td><td>60h<\/td><td>4<\/td><\/tr><tr><td>TECNOLOGIA DE VIDROS<\/td><td>60h<\/td><td>4<\/td><\/tr><tr><td>TERMODIN\u00c2MICA DOS S\u00d3LIDOS<\/td><td>45h<\/td><td>3<\/td><\/tr><\/tbody><\/table><figcaption>* Only for doctorate<\/figcaption><\/figure>","protected":false},"excerpt":{"rendered":"<p>Nossa estrutura curricular est\u00e1 inteiramente voltada para a forma\u00e7\u00e3o de profissionais extremamente capacitados em Ci\u00eancia e Engenharia de Materiais. Mesma com essa especificidade \u00e9 poss\u00edvel para os alunos que ingressam com outra forma\u00e7\u00e3o t\u00e9cnica, uma adapta\u00e7\u00e3o acad\u00eamica para que possam desenvolver suas atividades discentes com sucesso. Nossa estrutura curricular \u00e9 composta por disciplinas obrigat\u00f3rias, Ci\u00eancias [&hellip;]<\/p>","protected":false},"author":1,"featured_media":0,"parent":0,"menu_order":0,"comment_status":"closed","ping_status":"closed","template":"","meta":{"footnotes":""},"class_list":["post-111","page","type-page","status-publish","hentry"],"_links":{"self":[{"href":"https:\/\/uaema.ufcg.edu.br\/en\/wp-json\/wp\/v2\/pages\/111","targetHints":{"allow":["GET"]}}],"collection":[{"href":"https:\/\/uaema.ufcg.edu.br\/en\/wp-json\/wp\/v2\/pages"}],"about":[{"href":"https:\/\/uaema.ufcg.edu.br\/en\/wp-json\/wp\/v2\/types\/page"}],"author":[{"embeddable":true,"href":"https:\/\/uaema.ufcg.edu.br\/en\/wp-json\/wp\/v2\/users\/1"}],"replies":[{"embeddable":true,"href":"https:\/\/uaema.ufcg.edu.br\/en\/wp-json\/wp\/v2\/comments?post=111"}],"version-history":[{"count":2,"href":"https:\/\/uaema.ufcg.edu.br\/en\/wp-json\/wp\/v2\/pages\/111\/revisions"}],"predecessor-version":[{"id":113,"href":"https:\/\/uaema.ufcg.edu.br\/en\/wp-json\/wp\/v2\/pages\/111\/revisions\/113"}],"wp:attachment":[{"href":"https:\/\/uaema.ufcg.edu.br\/en\/wp-json\/wp\/v2\/media?parent=111"}],"curies":[{"name":"wp","href":"https:\/\/api.w.org\/{rel}","templated":true}]}}