{"id":115,"date":"2022-04-27T12:06:50","date_gmt":"2022-04-27T15:06:50","guid":{"rendered":"https:\/\/test.cct.ufcg.edu.br\/?page_id=115"},"modified":"2025-07-10T09:03:22","modified_gmt":"2025-07-10T12:03:22","slug":"pos-normas","status":"publish","type":"page","link":"https:\/\/uaema.ufcg.edu.br\/en\/pos-normas\/","title":{"rendered":"Guidelines"},"content":{"rendered":"<p><a href=\"https:\/\/uaema.ufcg.edu.br\/wp-content\/uploads\/2025\/07\/Resolucao-da-Pos-Graduacao_N_03_2025-CoOrientacao-Externa.pdf\" data-type=\"URL\" data-id=\"https:\/\/uaema.ufcg.edu.br\/wp-content\/uploads\/2022\/10\/Resolucao-da-Pos-Graduacao_N_02_2022-Co-Orientacao-Externa.pdf\" target=\"_blank\" rel=\"noreferrer noopener\">Resolu\u00e7\u00e3o 03-2025 PPG-CEMat Resolu\u00e7\u00e3o de Coorientacao Externa &#8211; Revoga Normas Anteriores<\/a><\/p>\n\n\n\n<p><a href=\"https:\/\/uaema.ufcg.edu.br\/wp-content\/uploads\/2025\/07\/Resolucao-da-Pos-Graduacao_N_02_2025-Requisitos-para-Defesa.pdf\" data-type=\"URL\" data-id=\"https:\/\/uaema.ufcg.edu.br\/wp-content\/uploads\/2022\/10\/Resolucao-da-Pos-Graduacao_N_01_2022-Requisitos-para-Defesa.pdf\" target=\"_blank\" rel=\"noreferrer noopener\">Resolu\u00e7\u00e3o 02-2025 PPG-CEMat &#8211; Crit\u00e9rios para a defesa de Disserta\u00e7\u00e3o e Tese &#8211; Altera Normas Anteriores<\/a><\/p>\n\n\n\n<p><a href=\"https:\/\/uaema.ufcg.edu.br\/wp-content\/uploads\/2025\/07\/Resolucao-da-Pos-Graduacao_N_01_2025-PPG-CEMat-Normas-para-Credeciamento-e-Recredeciamento.pdf\">Resolu\u00e7\u00e3o 01-2025 PPG-CEMat &#8211; Crit\u00e9rios Complementares para Credenciamento,<br>Recredenciamento e Descredenciamento aos Requisitos Constantes no Regulamento do Programa<\/a><\/p>\n\n\n\n<p><a href=\"https:\/\/uaema.ufcg.edu.br\/wp-content\/uploads\/2023\/10\/Resolucao-da-Pos-Graduacao_N_01_2023-PPG-CEMat-Normas-e-Regras-para-a-Concessao-e-Usufruto-de-Bolsa.pdf\">Resolu\u00e7\u00e3o N\u00ba 01\/2023 do PPG-CEMat &#8211; Estabelece Normas e Regras para concess\u00e3o, suspens\u00e3o e cancelamento de bolsas de mestrado e doutorado<\/a><\/p>\n\n\n\n<p><a href=\"https:\/\/uaema.ufcg.edu.br\/wp-content\/uploads\/2023\/10\/RES_08.2023-Criterios_para_a_concessao_de_bolsas_PPGs_UFCG.pdf\">Resolu\u00e7\u00e3o N\u00ba 08\/2023 da CSPG &#8211; Crit\u00e9rios de concess\u00e3o, suspens\u00e3o e cancelamento de bolsas<\/a><\/p>\n\n\n\n<p><a href=\"https:\/\/uaema.ufcg.edu.br\/wp-content\/uploads\/2023\/06\/Modelo-PROJETO-DE-PESQUISA.pdf\" data-type=\"URL\" data-id=\"https:\/\/uaema.ufcg.edu.br\/wp-content\/uploads\/2023\/06\/Modelo-PROJETO-DE-PESQUISA.pdf\" target=\"_blank\" rel=\"noreferrer noopener\">Modelo PROJETO DE PESQUISA<\/a><\/p>\n\n\n\n<p><a href=\"https:\/\/uaema.ufcg.edu.br\/wp-content\/uploads\/2025\/03\/Relatorio-Final-da-CPA-Autoavaliacao-PPGCEMat-2023-Versao-final-Parte-I_compressed.pdf\">Relat\u00f3rio CPA 2023 &#8211; Parte I\/III  &#8211; Cont\u00e9m Question\u00e1rio CPA (Dividido em virtude de limita\u00e7\u00f5es de Upload)<\/a><\/p>\n\n\n\n<p><a href=\"https:\/\/uaema.ufcg.edu.br\/wp-content\/uploads\/2025\/03\/Relatorio-Final-da-CPA-Autoavaliacao-PPGCEMat-2023-Versao-final-Parrte-II-1-33_compressed.pdf\">Relat\u00f3rio CPA 2023 &#8211; Parte II\/III  &#8211; Cont\u00e9m Question\u00e1rio CPA (Dividido em virtude de limita\u00e7\u00f5es de Upload)<\/a><\/p>\n\n\n\n<p><a href=\"https:\/\/uaema.ufcg.edu.br\/wp-content\/uploads\/2025\/03\/Relatorio-Final-da-CPA-Autoavaliacao-PPGCEMat-2023-Versao-final-Parrte-II-34-63_compressed.pdf\">Relat\u00f3rio CPA 2023 &#8211; Parte III\/III  &#8211; Cont\u00e9m Question\u00e1rio CPA (Dividido em virtude de limita\u00e7\u00f5es de Upload)<\/a><\/p>\n\n\n\n<p><a href=\"https:\/\/uaema.ufcg.edu.br\/wp-content\/uploads\/2023\/06\/Modelo-DISSERTACAO-E-TESE.pdf\" data-type=\"URL\" data-id=\"https:\/\/uaema.ufcg.edu.br\/wp-content\/uploads\/2023\/06\/Modelo-DISSERTACAO-E-TESE.pdf\" target=\"_blank\" rel=\"noreferrer noopener\">Modelo DISSERTAC\u00c3O E TESE<\/a><\/p>\n\n\n\n<p><a href=\"https:\/\/uaema.ufcg.edu.br\/wp-content\/uploads\/2023\/06\/Mdelo-SEMINARIO-E-EXAME-DE-QUALIFICACAO.pdf\" data-type=\"URL\" data-id=\"https:\/\/uaema.ufcg.edu.br\/wp-content\/uploads\/2023\/06\/Mdelo-SEMINARIO-E-EXAME-DE-QUALIFICACAO.pdf\" target=\"_blank\" rel=\"noreferrer noopener\">Modelo SEMIN\u00c1RIO E EXAME DE QUALIFICA\u00c7\u00c3O<\/a><\/p>\n\n\n\n<p><a href=\"https:\/\/uaema.ufcg.edu.br\/wp-content\/uploads\/2022\/10\/Resolucao-da-Pos-Graduacao_N_01_2022-Requisitos-para-Defesa.pdf\" data-type=\"URL\" data-id=\"https:\/\/uaema.ufcg.edu.br\/wp-content\/uploads\/2022\/10\/Resolucao-da-Pos-Graduacao_N_01_2022-Requisitos-para-Defesa.pdf\" target=\"_blank\" rel=\"noreferrer noopener\">Resolu\u00e7\u00e3o 01-2022 PPG-CEMat &#8211; Crit\u00e9rios para a defesa de Disserta\u00e7\u00e3o e Tese &#8211; Altera Normas Anteriores<\/a><\/p>\n\n\n\n<p><a href=\"https:\/\/uaema.ufcg.edu.br\/wp-content\/uploads\/2022\/10\/Resolucao-da-Pos-Graduacao_N_02_2022-Co-Orientacao-Externa.pdf\" data-type=\"URL\" data-id=\"https:\/\/uaema.ufcg.edu.br\/wp-content\/uploads\/2022\/10\/Resolucao-da-Pos-Graduacao_N_02_2022-Co-Orientacao-Externa.pdf\" target=\"_blank\" rel=\"noreferrer noopener\">Resolu\u00e7\u00e3o 02-2022 PPG-CEMat Resolu\u00e7\u00e3o de Co-Orientacao Externa &#8211; Revoga Normas Anteriores<\/a><\/p>\n\n\n\n<p><a href=\"https:\/\/uaema.ufcg.edu.br\/wp-content\/uploads\/2022\/08\/res_14072017-RESOLUCAO-N-7_2017-Camara-Superior-de-Pos-Graduacao-Regulamento-PPG-CEMat.pdf\" data-type=\"URL\" data-id=\"https:\/\/uaema.ufcg.edu.br\/wp-content\/uploads\/2022\/08\/res_14072017-RESOLUCAO-N-7_2017-Camara-Superior-de-Pos-Graduacao-Regulamento-PPG-CEMat.pdf\">Resolu\u00e7\u00e3o\/Regulamento do Programa de P\u00f3s-Gradua\u00e7\u00e3o em Ci\u00eancia e Engenharia de Materiais<\/a><\/p>\n\n\n\n<div class=\"wp-block-file\"><a id=\"wp-block-file--media-f2af7a7f-95e9-4a57-bc39-06d0a9ff662d\" href=\"https:\/\/uaema.ufcg.edu.br\/wp-content\/uploads\/2022\/04\/Resoluo-da-Pos-Graduacao_N_02_2019-CriteriosParaOsPNPDs-versao2-Final-_2.pdf\">Resolu\u00e7\u00e3o 02-2019 PPG-CEMat &#8211; Crit\u00e9rios para avaliar bolsistas PNPD\/CAPES<\/a><a href=\"https:\/\/uaema.ufcg.edu.br\/wp-content\/uploads\/2022\/04\/Resoluo-da-Pos-Graduacao_N_02_2019-CriteriosParaOsPNPDs-versao2-Final-_2.pdf\" class=\"wp-block-file__button wp-element-button\" download aria-describedby=\"wp-block-file--media-f2af7a7f-95e9-4a57-bc39-06d0a9ff662d\">Baixar<\/a><\/div>\n\n\n\n<div class=\"wp-block-file\"><a id=\"wp-block-file--media-f15d855f-92bf-4115-80c6-1876541eb2af\" href=\"https:\/\/uaema.ufcg.edu.br\/wp-content\/uploads\/2022\/04\/Resoluo-da-Pos-Graduacao_N_01_2019-Requisitos-para-Defesa-versao2-Final-3.pdf\">Resolu\u00e7\u00e3o 01-2019 PPG-CEMat &#8211; Crit\u00e9rios para a Defesa de Dissera\u00e7\u00e3o ou Tese<\/a><a href=\"https:\/\/uaema.ufcg.edu.br\/wp-content\/uploads\/2022\/04\/Resoluo-da-Pos-Graduacao_N_01_2019-Requisitos-para-Defesa-versao2-Final-3.pdf\" class=\"wp-block-file__button wp-element-button\" download aria-describedby=\"wp-block-file--media-f15d855f-92bf-4115-80c6-1876541eb2af\">Baixar<\/a><\/div>\n\n\n\n<div class=\"wp-block-file\"><a id=\"wp-block-file--media-926eb2e7-838e-49a3-a1cd-e795fb0e3d30\" href=\"https:\/\/uaema.ufcg.edu.br\/wp-content\/uploads\/2022\/04\/Primeiro_Rel_CPA-11.pdf\">Relat\u00f3rio CPA 2020<\/a><a href=\"https:\/\/uaema.ufcg.edu.br\/wp-content\/uploads\/2022\/04\/Primeiro_Rel_CPA-11.pdf\" class=\"wp-block-file__button wp-element-button\" download aria-describedby=\"wp-block-file--media-926eb2e7-838e-49a3-a1cd-e795fb0e3d30\">Baixar<\/a><\/div>\n\n\n\n<div class=\"wp-block-file\"><a id=\"wp-block-file--media-3353413b-02a5-43a7-8765-788639470009\" href=\"https:\/\/uaema.ufcg.edu.br\/wp-content\/uploads\/2022\/04\/Questionario-de-Autoavaliacao-PPG-CEMat.pdf\">Question\u00e1rio CPA<\/a><a href=\"https:\/\/uaema.ufcg.edu.br\/wp-content\/uploads\/2022\/04\/Questionario-de-Autoavaliacao-PPG-CEMat.pdf\" class=\"wp-block-file__button wp-element-button\" download aria-describedby=\"wp-block-file--media-3353413b-02a5-43a7-8765-788639470009\">Baixar<\/a><\/div>\n\n\n\n<div class=\"wp-block-file\"><a id=\"wp-block-file--media-903abcfd-9c7e-4ad7-9bbe-b50532fb6459\" href=\"https:\/\/uaema.ufcg.edu.br\/wp-content\/uploads\/2022\/04\/Planejamento-Estratgico-PPG-CEMat.pdf\">Planejamento Estrat\u00e9gico<\/a><a href=\"https:\/\/uaema.ufcg.edu.br\/wp-content\/uploads\/2022\/04\/Planejamento-Estratgico-PPG-CEMat.pdf\" class=\"wp-block-file__button wp-element-button\" download aria-describedby=\"wp-block-file--media-903abcfd-9c7e-4ad7-9bbe-b50532fb6459\">Baixar<\/a><\/div>\n\n\n\n<div class=\"wp-block-file\"><a id=\"wp-block-file--media-1e5c655a-13f3-4729-a1bb-090cbd9d1c8c\" href=\"https:\/\/uaema.ufcg.edu.br\/wp-content\/uploads\/2022\/04\/Resoluo-AutoAvaliacao-CA-PPG-CEMat.pdf\">Resolu\u00e7\u00e3o Autoavali\u00e7\u00e3o<\/a><a href=\"https:\/\/uaema.ufcg.edu.br\/wp-content\/uploads\/2022\/04\/Resoluo-AutoAvaliacao-CA-PPG-CEMat.pdf\" class=\"wp-block-file__button wp-element-button\" download aria-describedby=\"wp-block-file--media-1e5c655a-13f3-4729-a1bb-090cbd9d1c8c\">Baixar<\/a><\/div>\n\n\n\n<div class=\"wp-block-file\"><a id=\"wp-block-file--media-be416c4b-7217-4f7b-a960-8f212acb3e5e\" href=\"https:\/\/uaema.ufcg.edu.br\/wp-content\/uploads\/2022\/04\/Resolucao-da-Pos-Graduacao_N_01_2012_Orientao-Externa.pdf\">Resolu\u00e7\u00e3o 01-2012 PPG CEMat &#8211; Orienta\u00e7\u00e3o Externa<\/a><a href=\"https:\/\/uaema.ufcg.edu.br\/wp-content\/uploads\/2022\/04\/Resolucao-da-Pos-Graduacao_N_01_2012_Orientao-Externa.pdf\" class=\"wp-block-file__button wp-element-button\" download aria-describedby=\"wp-block-file--media-be416c4b-7217-4f7b-a960-8f212acb3e5e\">Baixar<\/a><\/div>\n\n\n\n<div class=\"wp-block-file\"><a id=\"wp-block-file--media-2a02f0a7-052d-4184-aa2d-56564eb6ced4\" href=\"https:\/\/uaema.ufcg.edu.br\/wp-content\/uploads\/2022\/04\/res_14072017-RESOLUO-N-7_2017-Cmara-Superior-de-Ps-Graduao-Regulamento-PPG-CEMat.pdf\">Resolu\u00e7\u00e3o 07-2017 CSPG &#8211; Regulamento do PPPG-CEMat<\/a><a href=\"https:\/\/uaema.ufcg.edu.br\/wp-content\/uploads\/2022\/04\/res_14072017-RESOLUO-N-7_2017-Cmara-Superior-de-Ps-Graduao-Regulamento-PPG-CEMat.pdf\" class=\"wp-block-file__button wp-element-button\" download aria-describedby=\"wp-block-file--media-2a02f0a7-052d-4184-aa2d-56564eb6ced4\">Baixar<\/a><\/div>\n\n\n\n<div class=\"wp-block-file\"><a id=\"wp-block-file--media-c4a75d5a-e6bc-4d9d-891d-1174d1684b12\" href=\"https:\/\/uaema.ufcg.edu.br\/wp-content\/uploads\/2022\/04\/RESOLUO-N-6_2016-Cmara-Superior-de-Ps-Graduao-Bolsa-de-Demanda-Social.pdf\">Resolucao 6-2016 CSPG &#8211; Aprova os crit\u00e9rios de concess\u00e3o e suspens\u00e3o de bolsas de estudo concedidas pela CAPES e CNPq<\/a><a href=\"https:\/\/uaema.ufcg.edu.br\/wp-content\/uploads\/2022\/04\/RESOLUO-N-6_2016-Cmara-Superior-de-Ps-Graduao-Bolsa-de-Demanda-Social.pdf\" class=\"wp-block-file__button wp-element-button\" download aria-describedby=\"wp-block-file--media-c4a75d5a-e6bc-4d9d-891d-1174d1684b12\">Baixar<\/a><\/div>\n\n\n\n<div class=\"wp-block-file\"><a id=\"wp-block-file--media-170dd736-7e99-4c7a-af39-316b04c72323\" href=\"https:\/\/uaema.ufcg.edu.br\/wp-content\/uploads\/2022\/04\/Resoluo-da-Pos-Graduacao_N_02_2016.pdf\">Resolu\u00e7\u00e3o 02-2016 PPG-CEMat &#8211; Altera o Art. 2\u00ba da Resolu\u00e7\u00e3o 01-2013, que Estabelece Crit\u00e9rios para a Defesa de Disserta\u00e7\u00e3o ou Tese<\/a><a href=\"https:\/\/uaema.ufcg.edu.br\/wp-content\/uploads\/2022\/04\/Resoluo-da-Pos-Graduacao_N_02_2016.pdf\" class=\"wp-block-file__button wp-element-button\" download aria-describedby=\"wp-block-file--media-170dd736-7e99-4c7a-af39-316b04c72323\">Baixar<\/a><\/div>\n\n\n\n<div class=\"wp-block-file\"><a id=\"wp-block-file--media-10fedb24-8fd2-4aa0-94a7-c0a7a39b8333\" href=\"https:\/\/uaema.ufcg.edu.br\/wp-content\/uploads\/2022\/04\/Resoluo-da-Pos-Graduacao_N_01_2016_Final.pdf\">Resolu\u00e7\u00e3o 01-2016 PPG-CEMat &#8211; Estabelece Crit\u00e9rios para Acompanhar e Avaliar o Desempenho e Renovar a Bolsa de Pesquisadores<\/a><a href=\"https:\/\/uaema.ufcg.edu.br\/wp-content\/uploads\/2022\/04\/Resoluo-da-Pos-Graduacao_N_01_2016_Final.pdf\" class=\"wp-block-file__button wp-element-button\" download aria-describedby=\"wp-block-file--media-10fedb24-8fd2-4aa0-94a7-c0a7a39b8333\">Baixar<\/a><\/div>\n\n\n\n<div class=\"wp-block-file\"><a id=\"wp-block-file--media-1f11955c-f355-4e38-9230-2290ad049d9f\" href=\"https:\/\/uaema.ufcg.edu.br\/wp-content\/uploads\/2022\/04\/Resoluo-da-Pos-Graduacao_N_02_2015_Modelos_Projeto-Seminario-QualificacaoDissertacao-e-Tese-1.pdf\">Resolu\u00e7\u00e3o 02-2015 PPG-CEMat &#8211; Normas e Crit\u00e9rios para Projeto Semin\u00e1rio Qualifica\u00e7\u00e3o Disserta\u00e7\u00e3o e Tese<\/a><a href=\"https:\/\/uaema.ufcg.edu.br\/wp-content\/uploads\/2022\/04\/Resoluo-da-Pos-Graduacao_N_02_2015_Modelos_Projeto-Seminario-QualificacaoDissertacao-e-Tese-1.pdf\" class=\"wp-block-file__button wp-element-button\" download aria-describedby=\"wp-block-file--media-1f11955c-f355-4e38-9230-2290ad049d9f\">Baixar<\/a><\/div>\n\n\n\n<div class=\"wp-block-file\"><a id=\"wp-block-file--media-0bbd2d1f-56b9-475e-abb4-82568805d01b\" href=\"https:\/\/uaema.ufcg.edu.br\/wp-content\/uploads\/2022\/04\/Resoluo-02_2006-CSPG-RegulamentoGeralPosStricto-UFCG.pdf\">Resoluc\u00e3o 15-2006 CSPG &#8211; Altera o artigo 11 do Regulamento Geral dos Cursos e Programas de P\u00f3s-Gradua\u00e7\u00e3o Stricto Sensu da UFCG<\/a><a href=\"https:\/\/uaema.ufcg.edu.br\/wp-content\/uploads\/2022\/04\/Resoluo-02_2006-CSPG-RegulamentoGeralPosStricto-UFCG.pdf\" class=\"wp-block-file__button wp-element-button\" download aria-describedby=\"wp-block-file--media-0bbd2d1f-56b9-475e-abb4-82568805d01b\">Baixar<\/a><\/div>\n\n\n\n<div class=\"wp-block-file\"><a id=\"wp-block-file--media-ba371946-437f-429c-9156-0416f178d61a\" href=\"https:\/\/uaema.ufcg.edu.br\/wp-content\/uploads\/2022\/04\/Resoluo-14_2008-CSPG-Regulamenta-o-Estgio-Docncia-na-UFCG.pdf\">Resolu\u00e7\u00e3o 14-2008 CSPG &#8211; Regulamenta o Est\u00e1gio Doc\u00eancia na UFCG<\/a><a href=\"https:\/\/uaema.ufcg.edu.br\/wp-content\/uploads\/2022\/04\/Resoluo-14_2008-CSPG-Regulamenta-o-Estgio-Docncia-na-UFCG.pdf\" class=\"wp-block-file__button wp-element-button\" download aria-describedby=\"wp-block-file--media-ba371946-437f-429c-9156-0416f178d61a\">Baixar<\/a><\/div>\n\n\n\n<div class=\"wp-block-file\"><a id=\"wp-block-file--media-9599b2bb-42f1-42d6-b59d-2867bff6bde5\" href=\"https:\/\/uaema.ufcg.edu.br\/wp-content\/uploads\/2022\/04\/Resoluo-04_2015-PPG-CEMat-Normas-e-Regras-para-a-Concesso-e-Usufruto-de-Bolsa.pdf\">Resolu\u00e7\u00e3o 04-2015 PPG-CEMat &#8211; Normas e Regras para a Concess\u00e3o e Usufruto de Bolsa<\/a><a href=\"https:\/\/uaema.ufcg.edu.br\/wp-content\/uploads\/2022\/04\/Resoluo-04_2015-PPG-CEMat-Normas-e-Regras-para-a-Concesso-e-Usufruto-de-Bolsa.pdf\" class=\"wp-block-file__button wp-element-button\" download aria-describedby=\"wp-block-file--media-9599b2bb-42f1-42d6-b59d-2867bff6bde5\">Baixar<\/a><\/div>\n\n\n\n<div class=\"wp-block-file\"><a id=\"wp-block-file--media-c425e47e-5b67-4777-9a49-2c7097508281\" href=\"https:\/\/uaema.ufcg.edu.br\/wp-content\/uploads\/2022\/04\/Resoluo-03_2013-CSPG-Regulamenta-Estgio-Ps-Doutoral-na-UFCG.pdf\">Resolu\u00e7\u00e3o 03-2013 CSPG &#8211; Regulamenta Est\u00e1gio P\u00f3s-Doutoral na UFCG<\/a><a href=\"https:\/\/uaema.ufcg.edu.br\/wp-content\/uploads\/2022\/04\/Resoluo-03_2013-CSPG-Regulamenta-Estgio-Ps-Doutoral-na-UFCG.pdf\" class=\"wp-block-file__button wp-element-button\" download aria-describedby=\"wp-block-file--media-c425e47e-5b67-4777-9a49-2c7097508281\">Baixar<\/a><\/div>\n\n\n\n<div class=\"wp-block-file\"><a id=\"wp-block-file--media-4b0c1a09-4316-423e-9aeb-f9512852f9e5\" href=\"https:\/\/uaema.ufcg.edu.br\/wp-content\/uploads\/2022\/04\/Resoluo-01_2013-PPG-CEMat-RequisitosdePublicaoParaDefesa.pdf\">Resolu\u00e7\u00e3o 01-2013 PPG-CEMat &#8211; Requisitos de Publica\u00e7\u00e3o para Defesa<\/a><a href=\"https:\/\/uaema.ufcg.edu.br\/wp-content\/uploads\/2022\/04\/Resoluo-01_2013-PPG-CEMat-RequisitosdePublicaoParaDefesa.pdf\" class=\"wp-block-file__button wp-element-button\" download aria-describedby=\"wp-block-file--media-4b0c1a09-4316-423e-9aeb-f9512852f9e5\">Baixar<\/a><\/div>\n\n\n\n<div class=\"wp-block-file\"><a id=\"wp-block-file--media-6b8c1166-c30a-4213-9d3c-831ac407bb28\" href=\"https:\/\/uaema.ufcg.edu.br\/wp-content\/uploads\/2022\/04\/Resoluo-01_2013-PPG-CEMat-RequisitosdePublicaoParaDefesa-1.pdf\">Resolu\u00e7\u00e3o 15-2006 CSPG &#8211; Altera o artigo 11 do Regulamento Geral dos Cursos e Programas de Ps-Gradua\u00e7\u00e3o Stricto Sensu da UFCG<\/a><a href=\"https:\/\/uaema.ufcg.edu.br\/wp-content\/uploads\/2022\/04\/Resoluo-01_2013-PPG-CEMat-RequisitosdePublicaoParaDefesa-1.pdf\" class=\"wp-block-file__button wp-element-button\" download aria-describedby=\"wp-block-file--media-6b8c1166-c30a-4213-9d3c-831ac407bb28\">Baixar<\/a><\/div>\n\n\n\n<div class=\"wp-block-file\"><a id=\"wp-block-file--media-420f0cca-faf4-4dcf-80b7-375de2e768fb\" href=\"https:\/\/uaema.ufcg.edu.br\/wp-content\/uploads\/2022\/04\/Resoluo-14_2008-CSPG-Regulamenta-o-Estgio-Docncia-na-UFCG-1.pdf\">Resolu\u00e7\u00e3o 14-2008 CSPG &#8211; Regulamenta o Est\u00e1gio Doc\u00eancia na UFCG<\/a><a href=\"https:\/\/uaema.ufcg.edu.br\/wp-content\/uploads\/2022\/04\/Resoluo-14_2008-CSPG-Regulamenta-o-Estgio-Docncia-na-UFCG-1.pdf\" class=\"wp-block-file__button wp-element-button\" download aria-describedby=\"wp-block-file--media-420f0cca-faf4-4dcf-80b7-375de2e768fb\">Baixar<\/a><\/div>\n\n\n\n<div class=\"wp-block-file\"><a id=\"wp-block-file--media-b63c70f7-770a-4842-bd96-2e84867543e9\" href=\"https:\/\/uaema.ufcg.edu.br\/wp-content\/uploads\/2022\/04\/Resoluo-04_2015-PPG-CEMat-Normas-e-Regras-para-a-Concesso-e-Usufruto-de-Bolsa-1.pdf\">Resolu\u00e7\u00e3o 04-2015 PPG-CEMat &#8211; Normas e Regras para a Concess\u00e3o e Usufruto de Bolsa<\/a><a href=\"https:\/\/uaema.ufcg.edu.br\/wp-content\/uploads\/2022\/04\/Resoluo-04_2015-PPG-CEMat-Normas-e-Regras-para-a-Concesso-e-Usufruto-de-Bolsa-1.pdf\" class=\"wp-block-file__button wp-element-button\" download aria-describedby=\"wp-block-file--media-b63c70f7-770a-4842-bd96-2e84867543e9\">Baixar<\/a><\/div>\n\n\n\n<div class=\"wp-block-file\"><a id=\"wp-block-file--media-b389fc3a-6b21-4f8a-96d3-e25ad3b19aa3\" href=\"https:\/\/uaema.ufcg.edu.br\/wp-content\/uploads\/2022\/04\/Resoluo-03_2013-CSPG-Regulamenta-Estgio-Ps-Doutoral-na-UFCG-1.pdf\">Resolu\u00e7\u00e3o 03-2013 CSPG &#8211; Regulamenta Est\u00e1gio P\u00f3s-Doutoral na UFCG<\/a><a href=\"https:\/\/uaema.ufcg.edu.br\/wp-content\/uploads\/2022\/04\/Resoluo-03_2013-CSPG-Regulamenta-Estgio-Ps-Doutoral-na-UFCG-1.pdf\" class=\"wp-block-file__button wp-element-button\" download aria-describedby=\"wp-block-file--media-b389fc3a-6b21-4f8a-96d3-e25ad3b19aa3\">Baixar<\/a><\/div>\n\n\n\n<div class=\"wp-block-file\"><a id=\"wp-block-file--media-1590dee8-6348-4269-b04e-0dcac2ed8088\" href=\"https:\/\/uaema.ufcg.edu.br\/wp-content\/uploads\/2022\/04\/Resoluo-01_2013-PPG-CEMat-RequisitosdePublicaoParaDefesa-1-1.pdf\">Resolu\u00e7\u00e3o 01-2013 PPG-CEMat &#8211; Requisitos de Publica\u00e7\u00e3o para Defesa<\/a><a href=\"https:\/\/uaema.ufcg.edu.br\/wp-content\/uploads\/2022\/04\/Resoluo-01_2013-PPG-CEMat-RequisitosdePublicaoParaDefesa-1-1.pdf\" class=\"wp-block-file__button wp-element-button\" download aria-describedby=\"wp-block-file--media-1590dee8-6348-4269-b04e-0dcac2ed8088\">Baixar<\/a><\/div>\n\n\n\n<div class=\"wp-block-file\"><a id=\"wp-block-file--media-a97def7e-d508-4c19-9241-d9df0ecffb9f\" href=\"https:\/\/uaema.ufcg.edu.br\/wp-content\/uploads\/2022\/04\/Resolucao-03_2015-PPG-CEMat-Orientao-Externa.pdf\">Resolu\u00e7\u00e3o 03-2015 PPG CEMat &#8211; Atualiza a Resolu\u00e7\u00e3o PPG-CEMat 01\/2012 de Orienta\u00e7\u00e3o Externa quanto a denomina\u00e7\u00e3o Co-Orienta\u00e7\u00e3o Externa<\/a><a href=\"https:\/\/uaema.ufcg.edu.br\/wp-content\/uploads\/2022\/04\/Resolucao-03_2015-PPG-CEMat-Orientao-Externa.pdf\" class=\"wp-block-file__button wp-element-button\" download aria-describedby=\"wp-block-file--media-a97def7e-d508-4c19-9241-d9df0ecffb9f\">Baixar<\/a><\/div>\n\n\n\n<div class=\"wp-block-file\"><a id=\"wp-block-file--media-1e4dd5c8-c54b-4dd2-8566-75e9923fccca\" href=\"https:\/\/uaema.ufcg.edu.br\/wp-content\/uploads\/2022\/04\/Portaria-156_2014-CAPES-Regulmaneto-do-Programa-PROAP.pdf\">Portaria 156-2014 CAPES &#8211; Regulamento do Programa PROAP<\/a><a href=\"https:\/\/uaema.ufcg.edu.br\/wp-content\/uploads\/2022\/04\/Portaria-156_2014-CAPES-Regulmaneto-do-Programa-PROAP.pdf\" class=\"wp-block-file__button wp-element-button\" download aria-describedby=\"wp-block-file--media-1e4dd5c8-c54b-4dd2-8566-75e9923fccca\">Baixar<\/a><\/div>\n\n\n\n<div class=\"wp-block-file\"><a id=\"wp-block-file--media-7c860fbb-e7e9-4dde-9b2e-d90d78d68b28\" href=\"https:\/\/uaema.ufcg.edu.br\/wp-content\/uploads\/2022\/04\/Portaria-191-e-192_2011-CAPES.pdf\">Portaria 191 e 192-2011 CAPES<\/a><a href=\"https:\/\/uaema.ufcg.edu.br\/wp-content\/uploads\/2022\/04\/Portaria-191-e-192_2011-CAPES.pdf\" class=\"wp-block-file__button wp-element-button\" download aria-describedby=\"wp-block-file--media-7c860fbb-e7e9-4dde-9b2e-d90d78d68b28\">Baixar<\/a><\/div>\n\n\n\n<div class=\"wp-block-file\"><a id=\"wp-block-file--media-0f9dc32f-c166-43dc-958f-4a274f6b4e3c\" href=\"https:\/\/uaema.ufcg.edu.br\/wp-content\/uploads\/2022\/04\/Portaria-076_2010-RegulamentoDS-CAPES.pdf\">Portaria 076-2010 Regulamento DS CAPES<\/a><a href=\"https:\/\/uaema.ufcg.edu.br\/wp-content\/uploads\/2022\/04\/Portaria-076_2010-RegulamentoDS-CAPES.pdf\" class=\"wp-block-file__button wp-element-button\" download aria-describedby=\"wp-block-file--media-0f9dc32f-c166-43dc-958f-4a274f6b4e3c\">Baixar<\/a><\/div>\n\n\n\n<div class=\"wp-block-group\"><div class=\"wp-block-group__inner-container is-layout-flow wp-block-group-is-layout-flow\">\n<p><a href=\"https:\/\/uaema.ufcg.edu.br\/wp-content\/uploads\/2022\/08\/res_14072017-RESOLUCAO-N-7_2017-Camara-Superior-de-Pos-Graduacao-Regulamento-PPG-CEMat.pdf\" data-type=\"URL\" data-id=\"https:\/\/uaema.ufcg.edu.br\/wp-content\/uploads\/2022\/08\/res_14072017-RESOLUCAO-N-7_2017-Camara-Superior-de-Pos-Graduacao-Regulamento-PPG-CEMat.pdf\">Resolu\u00e7\u00e3o\/Regulamento do Programa de P\u00f3s-Gradua\u00e7\u00e3o em Ci\u00eancia e Engenharia de Materiais<\/a> <\/p>\n<\/div><\/div>","protected":false},"excerpt":{"rendered":"<p>Resolu\u00e7\u00e3o 03-2025 PPG-CEMat Resolu\u00e7\u00e3o de Coorientacao Externa &#8211; Revoga Normas Anteriores Resolu\u00e7\u00e3o 02-2025 PPG-CEMat &#8211; Crit\u00e9rios para a defesa de Disserta\u00e7\u00e3o e Tese &#8211; Altera Normas Anteriores Resolu\u00e7\u00e3o 01-2025 PPG-CEMat &#8211; Crit\u00e9rios Complementares para Credenciamento,Recredenciamento e Descredenciamento aos Requisitos Constantes no Regulamento do Programa Resolu\u00e7\u00e3o N\u00ba 01\/2023 do PPG-CEMat &#8211; Estabelece Normas e Regras para [&hellip;]<\/p>","protected":false},"author":1,"featured_media":0,"parent":0,"menu_order":0,"comment_status":"closed","ping_status":"closed","template":"","meta":{"footnotes":""},"class_list":["post-115","page","type-page","status-publish","hentry"],"_links":{"self":[{"href":"https:\/\/uaema.ufcg.edu.br\/en\/wp-json\/wp\/v2\/pages\/115","targetHints":{"allow":["GET"]}}],"collection":[{"href":"https:\/\/uaema.ufcg.edu.br\/en\/wp-json\/wp\/v2\/pages"}],"about":[{"href":"https:\/\/uaema.ufcg.edu.br\/en\/wp-json\/wp\/v2\/types\/page"}],"author":[{"embeddable":true,"href":"https:\/\/uaema.ufcg.edu.br\/en\/wp-json\/wp\/v2\/users\/1"}],"replies":[{"embeddable":true,"href":"https:\/\/uaema.ufcg.edu.br\/en\/wp-json\/wp\/v2\/comments?post=115"}],"version-history":[{"count":24,"href":"https:\/\/uaema.ufcg.edu.br\/en\/wp-json\/wp\/v2\/pages\/115\/revisions"}],"predecessor-version":[{"id":1210,"href":"https:\/\/uaema.ufcg.edu.br\/en\/wp-json\/wp\/v2\/pages\/115\/revisions\/1210"}],"wp:attachment":[{"href":"https:\/\/uaema.ufcg.edu.br\/en\/wp-json\/wp\/v2\/media?parent=115"}],"curies":[{"name":"wp","href":"https:\/\/api.w.org\/{rel}","templated":true}]}}