{"id":148,"date":"2022-04-27T12:28:00","date_gmt":"2022-04-27T15:28:00","guid":{"rendered":"https:\/\/test.cct.ufcg.edu.br\/?page_id=148"},"modified":"2026-03-10T16:40:20","modified_gmt":"2026-03-10T19:40:20","slug":"pos-formularios","status":"publish","type":"page","link":"https:\/\/uaema.ufcg.edu.br\/en\/pos-formularios\/","title":{"rendered":"Forms"},"content":{"rendered":"<p><a href=\"https:\/\/uaema.ufcg.edu.br\/wp-content\/uploads\/2026\/03\/Formulario-de-Avaliacao-de-Discentes-e-Bolsistas-3.pdf\">Formul\u00e1rio de Avalia\u00e7\u00e3o de Discentes e Bolsistas \u2013 Entregar toda Matricula (Formato PDF)<\/a><\/p>\n\n\n\n<p><a href=\"https:\/\/uaema.ufcg.edu.br\/wp-content\/uploads\/2023\/08\/Formulario-de-cadastramento-de-alunos-da-pos.docx\">Formul\u00e1rio de Cadastramento de Discentes<\/a><\/p>\n\n\n\n<p><a href=\"https:\/\/uaema.ufcg.edu.br\/wp-content\/uploads\/2022\/06\/FormularioInscricao.pdf\">Formul\u00e1rio de Inscri\u00e7\u00e3o de Sele\u00e7\u00e3o<\/a><\/p>\n\n\n\n<p><a href=\"https:\/\/uaema.ufcg.edu.br\/wp-content\/uploads\/2025\/07\/Resolucao-da-Pos-Graduacao_N_03_2025-CoOrientacao-Externa.pdf\">Formul\u00e1rio de Coorienta\u00e7\u00e3o Externa<\/a><\/p>\n\n\n\n<p style=\"font-size:17px\"><a href=\"https:\/\/uaema.ufcg.edu.br\/wp-content\/uploads\/2026\/03\/Formulario-de-Solicitao-de-Defesa-Dissertacao-ou-tese.doc\">Formul\u00e1rio de Solicita\u00e7\u00e3o de Defesa de Disserta\u00e7\u00e3o ou Tese<\/a><\/p>\n\n\n\n<p style=\"font-size:17px\"><a href=\"https:\/\/uaema.ufcg.edu.br\/wp-content\/uploads\/2026\/03\/Formulario-de-Solicitacao-de-Banca-de-Seminarios-e-Projeto.doc\">Formul\u00e1rio de Solicita\u00e7\u00e3o de Banca de Projeto e de Semin\u00e1rio<\/a><\/p>\n\n\n\n<p style=\"font-size:17px\"><a href=\"https:\/\/uaema.ufcg.edu.br\/wp-content\/uploads\/2026\/03\/Formulario-de-Solicitao-de-Defesa-de-Qualificacao.doc\">Formul\u00e1rio de Solicita\u00e7\u00e3o de Defesa de Qualifica\u00e7\u00e3o<\/a><\/p>\n\n\n\n<div class=\"wp-block-file\"><a id=\"wp-block-file--media-31cb2b69-2e44-43b6-a088-976847f98390\" href=\"https:\/\/uaema.ufcg.edu.br\/wp-content\/uploads\/2022\/04\/Modelo-de-Plano-de-Trabalho-PDSE.doc\">Modelo de Plano de Trabalho PDSE<\/a><a href=\"https:\/\/uaema.ufcg.edu.br\/wp-content\/uploads\/2022\/04\/Modelo-de-Plano-de-Trabalho-PDSE.doc\" class=\"wp-block-file__button wp-element-button\" download aria-describedby=\"wp-block-file--media-31cb2b69-2e44-43b6-a088-976847f98390\">Baixar<\/a><\/div>\n\n\n\n<div class=\"wp-block-file\"><a id=\"wp-block-file--media-b3196bb3-82f4-4b81-b3e1-4cbae7de0659\" href=\"https:\/\/uaema.ufcg.edu.br\/wp-content\/uploads\/2022\/04\/Depsito-embargado-Teses-e-dissertaes.doc\">Termo de Dep\u00f3sito Embargado Teses e disserta\u00e7\u00f5es<\/a><a href=\"https:\/\/uaema.ufcg.edu.br\/wp-content\/uploads\/2022\/04\/Depsito-embargado-Teses-e-dissertaes.doc\" class=\"wp-block-file__button wp-element-button\" download aria-describedby=\"wp-block-file--media-b3196bb3-82f4-4b81-b3e1-4cbae7de0659\">Baixar<\/a><\/div>\n\n\n\n<div class=\"wp-block-file\"><a id=\"wp-block-file--media-f2c76f06-48ef-4587-a639-56870a24d809\" href=\"https:\/\/uaema.ufcg.edu.br\/wp-content\/uploads\/2022\/04\/Modelo-Relatorio-CAPES-PNPD-para-Bolsistas-do-PPG-CEMat.doc\">Modelo Relat\u00f3rio CAPES-PNPD para Bolsistas do PPG-CEMat<\/a><a href=\"https:\/\/uaema.ufcg.edu.br\/wp-content\/uploads\/2022\/04\/Modelo-Relatorio-CAPES-PNPD-para-Bolsistas-do-PPG-CEMat.doc\" class=\"wp-block-file__button wp-element-button\" download aria-describedby=\"wp-block-file--media-f2c76f06-48ef-4587-a639-56870a24d809\">Baixar<\/a><\/div>\n\n\n\n<div class=\"wp-block-file\"><a id=\"wp-block-file--media-ec5c2334-86af-491f-867c-c331e8fa0a4b\" href=\"https:\/\/uaema.ufcg.edu.br\/wp-content\/uploads\/2022\/04\/MODELO-CAPA-DVD-1-1.doc\">Modelo Capa DVD<\/a><a href=\"https:\/\/uaema.ufcg.edu.br\/wp-content\/uploads\/2022\/04\/MODELO-CAPA-DVD-1-1.doc\" class=\"wp-block-file__button wp-element-button\" download aria-describedby=\"wp-block-file--media-ec5c2334-86af-491f-867c-c331e8fa0a4b\">Baixar<\/a><\/div>\n\n\n\n<div class=\"wp-block-file\"><a id=\"wp-block-file--media-744f229e-276d-425d-9c27-8610df80d367\" href=\"https:\/\/uaema.ufcg.edu.br\/wp-content\/uploads\/2022\/04\/Modelo-Rotulo_DVD.doc\">Modelo R\u00f3tulo DVD<\/a><a href=\"https:\/\/uaema.ufcg.edu.br\/wp-content\/uploads\/2022\/04\/Modelo-Rotulo_DVD.doc\" class=\"wp-block-file__button wp-element-button\" download aria-describedby=\"wp-block-file--media-744f229e-276d-425d-9c27-8610df80d367\">Baixar<\/a><\/div>\n\n\n\n<div class=\"wp-block-file\"><a id=\"wp-block-file--media-26f9cb8f-e181-44b7-9652-8fdf29f6f9fc\" href=\"https:\/\/uaema.ufcg.edu.br\/wp-content\/uploads\/2022\/04\/Formulario-de-Avaliacao-de-Discentes-e-Bolsistas.doc\">Formulario de Avalia\u00e7\u00e3o de Discentes e Bolsistas &#8211; Entregar toda Matricula<\/a><a href=\"https:\/\/uaema.ufcg.edu.br\/wp-content\/uploads\/2022\/04\/Formulario-de-Avaliacao-de-Discentes-e-Bolsistas.doc\" class=\"wp-block-file__button wp-element-button\" download aria-describedby=\"wp-block-file--media-26f9cb8f-e181-44b7-9652-8fdf29f6f9fc\">Baixar<\/a><\/div>\n\n\n\n<div class=\"wp-block-file\"><a id=\"wp-block-file--media-ce2b387f-2790-4070-9407-f4fe03983ab0\" href=\"https:\/\/uaema.ufcg.edu.br\/wp-content\/uploads\/2022\/04\/Formulario-de-Encaminhamento-de-Tese-e-Dissertacao.doc\">Formulario de Encaminhamento de Tese e Dissertacao<\/a><a href=\"https:\/\/uaema.ufcg.edu.br\/wp-content\/uploads\/2022\/04\/Formulario-de-Encaminhamento-de-Tese-e-Dissertacao.doc\" class=\"wp-block-file__button wp-element-button\" download aria-describedby=\"wp-block-file--media-ce2b387f-2790-4070-9407-f4fe03983ab0\">Baixar<\/a><\/div>\n\n\n\n<div class=\"wp-block-file\"><a id=\"wp-block-file--media-cac6f597-cbe7-4302-bd96-58e34bf5f011\" href=\"https:\/\/uaema.ufcg.edu.br\/wp-content\/uploads\/2022\/04\/Modelo-Relatorio-Final-de-Mestrado.doc\">MODELO RELAT\u00d3RIO FINAL DO ORIENTADOR &#8211; DISSERTACAO<\/a><a href=\"https:\/\/uaema.ufcg.edu.br\/wp-content\/uploads\/2022\/04\/Modelo-Relatorio-Final-de-Mestrado.doc\" class=\"wp-block-file__button wp-element-button\" download aria-describedby=\"wp-block-file--media-cac6f597-cbe7-4302-bd96-58e34bf5f011\">Baixar<\/a><\/div>\n\n\n\n<div class=\"wp-block-file\"><a id=\"wp-block-file--media-510a8d65-47e6-4bb8-acd5-dbf8a16774f9\" href=\"https:\/\/uaema.ufcg.edu.br\/wp-content\/uploads\/2022\/04\/Modelo-Relatorio-Final-de-Doutorado.doc\">MODELO RELAT\u00d3RIO FINAL DO ORIENTADOR &#8211; DOUTORADO<\/a><a href=\"https:\/\/uaema.ufcg.edu.br\/wp-content\/uploads\/2022\/04\/Modelo-Relatorio-Final-de-Doutorado.doc\" class=\"wp-block-file__button wp-element-button\" download aria-describedby=\"wp-block-file--media-510a8d65-47e6-4bb8-acd5-dbf8a16774f9\">Baixar<\/a><\/div>","protected":false},"excerpt":{"rendered":"<p>Formul\u00e1rio de Avalia\u00e7\u00e3o de Discentes e Bolsistas \u2013 Entregar toda Matricula (Formato PDF) Formul\u00e1rio de Cadastramento de Discentes Formul\u00e1rio de Inscri\u00e7\u00e3o de Sele\u00e7\u00e3o Formul\u00e1rio de Coorienta\u00e7\u00e3o Externa Formul\u00e1rio de Solicita\u00e7\u00e3o de Defesa de Disserta\u00e7\u00e3o ou Tese Formul\u00e1rio de Solicita\u00e7\u00e3o de Banca de Projeto e de Semin\u00e1rio Formul\u00e1rio de Solicita\u00e7\u00e3o de Defesa de Qualifica\u00e7\u00e3o<\/p>","protected":false},"author":1,"featured_media":0,"parent":0,"menu_order":0,"comment_status":"closed","ping_status":"closed","template":"","meta":{"footnotes":""},"class_list":["post-148","page","type-page","status-publish","hentry"],"_links":{"self":[{"href":"https:\/\/uaema.ufcg.edu.br\/en\/wp-json\/wp\/v2\/pages\/148","targetHints":{"allow":["GET"]}}],"collection":[{"href":"https:\/\/uaema.ufcg.edu.br\/en\/wp-json\/wp\/v2\/pages"}],"about":[{"href":"https:\/\/uaema.ufcg.edu.br\/en\/wp-json\/wp\/v2\/types\/page"}],"author":[{"embeddable":true,"href":"https:\/\/uaema.ufcg.edu.br\/en\/wp-json\/wp\/v2\/users\/1"}],"replies":[{"embeddable":true,"href":"https:\/\/uaema.ufcg.edu.br\/en\/wp-json\/wp\/v2\/comments?post=148"}],"version-history":[{"count":12,"href":"https:\/\/uaema.ufcg.edu.br\/en\/wp-json\/wp\/v2\/pages\/148\/revisions"}],"predecessor-version":[{"id":1320,"href":"https:\/\/uaema.ufcg.edu.br\/en\/wp-json\/wp\/v2\/pages\/148\/revisions\/1320"}],"wp:attachment":[{"href":"https:\/\/uaema.ufcg.edu.br\/en\/wp-json\/wp\/v2\/media?parent=148"}],"curies":[{"name":"wp","href":"https:\/\/api.w.org\/{rel}","templated":true}]}}