{"id":164,"date":"2022-04-27T12:45:29","date_gmt":"2022-04-27T15:45:29","guid":{"rendered":"https:\/\/test.cct.ufcg.edu.br\/?page_id=164"},"modified":"2025-11-06T15:30:06","modified_gmt":"2025-11-06T18:30:06","slug":"pos-calendarios","status":"publish","type":"page","link":"https:\/\/uaema.ufcg.edu.br\/en\/pos-calendarios\/","title":{"rendered":"Calendars and Schedules"},"content":{"rendered":"<p><a href=\"https:\/\/uaema.ufcg.edu.br\/wp-content\/uploads\/2025\/11\/Calendario_2026.pdf\">Calend\u00e1rio 2026<\/a><\/p>\n\n\n\n<p><a href=\"https:\/\/uaema.ufcg.edu.br\/wp-content\/uploads\/2025\/08\/Horario-Disciplinas-2025_2-Preliminar-1.pdf\">Hor\u00e1rio das Disciplinas do PPG-CEMat \u2013 Per\u00edodo 2025.2<\/a><\/p>\n\n\n\n<p><a href=\"https:\/\/uaema.ufcg.edu.br\/wp-content\/uploads\/2024\/10\/Calendario_2025.pdf\">Calend\u00e1rio 2025<\/a><\/p>\n\n\n\n<p><a href=\"https:\/\/uaema.ufcg.edu.br\/wp-content\/uploads\/2025\/03\/Horario-Disciplinas-2025_1.pdf\">Hor\u00e1rio das Disciplinas do PPG-CEMat \u2013 Per\u00edodo 2025.1<\/a><\/p>\n\n\n\n<p><a href=\"https:\/\/uaema.ufcg.edu.br\/wp-content\/uploads\/2024\/08\/Horario-Disciplinas-2024_2-.pdf\">Hor\u00e1rio das Disciplinas do PPG-CEMat \u2013 Per\u00edodo 2024.2<\/a><\/p>\n\n\n\n<p><a href=\"https:\/\/uaema.ufcg.edu.br\/wp-content\/uploads\/2024\/08\/Matricula-2024-2-1.pdf\">Formul\u00e1rio de Matr\u00edcula 2024.2 (apenas para matr\u00edcula n\u00e3o online)<\/a><\/p>\n\n\n\n<p><a href=\"https:\/\/uaema.ufcg.edu.br\/wp-content\/uploads\/2024\/02\/Horario-Disciplinas-2024_1_atualizado.pdf\">Hor\u00e1rio das Disciplinas do PPG-CEMat &#8211; Per\u00edodo 2024.1<\/a><\/p>\n\n\n\n<p><a href=\"https:\/\/uaema.ufcg.edu.br\/wp-content\/uploads\/2024\/02\/Matricula-2024-1.pdf\">Formul\u00e1rio de Matr\u00edcula 2024.1 (apenas para matr\u00edcula n\u00e3o online)<\/a><\/p>\n\n\n\n<p><a href=\"https:\/\/uaema.ufcg.edu.br\/wp-content\/uploads\/2024\/03\/Calendario_2024.pdf\" data-type=\"link\" data-id=\"https:\/\/uaema.ufcg.edu.br\/wp-content\/uploads\/2024\/03\/Calendario_2024.pdf\">Calend\u00e1rio 2024<\/a><\/p>\n\n\n\n<p><a href=\"https:\/\/uaema.ufcg.edu.br\/wp-content\/uploads\/2023\/08\/Horario-Disciplinas-2023_2.pdf\">Hor\u00e1rio das Disciplina do PPG-CEMat &#8211; Per\u00edodo 2023.2<\/a><\/p>\n\n\n\n<p><a href=\"https:\/\/uaema.ufcg.edu.br\/wp-content\/uploads\/2023\/08\/Matricula-2023-2.pdf\">Formul\u00e1rio de Matr\u00edcula 2023.2 (apenas para matr\u00edcula n\u00e3o online)<\/a><\/p>\n\n\n\n<p><a href=\"https:\/\/uaema.ufcg.edu.br\/wp-content\/uploads\/2022\/08\/Formulario-de-Avaliacao-de-Discentes-e-Bolsistas-1.pdf\" data-type=\"URL\" data-id=\"https:\/\/uaema.ufcg.edu.br\/wp-content\/uploads\/2022\/08\/Formulario-de-Avaliacao-de-Discentes-e-Bolsistas-1.pdf\" target=\"_blank\" rel=\"noreferrer noopener\">Formul\u00e1rio de Avalia\u00e7\u00e3o dos Discentes<\/a><\/p>\n\n\n\n<p><a href=\"https:\/\/uaema.ufcg.edu.br\/wp-content\/uploads\/2023\/02\/Matricula-2023-1.pdf\" target=\"_blank\" rel=\"noreferrer noopener\">Formul\u00e1rio de Matr\u00edcula &#8211; Per\u00edodo 2023.1<\/a><\/p>\n\n\n\n<p><a href=\"https:\/\/uaema.ufcg.edu.br\/wp-content\/uploads\/2023\/02\/Horario-Disciplinas-2023_1.pdf\" target=\"_blank\" rel=\"noreferrer noopener\">Hor\u00e1rio das Disciplina do PPG-CEMat &#8211; Per\u00edodo 2023.1<\/a><\/p>\n\n\n\n<p><a href=\"https:\/\/uaema.ufcg.edu.br\/wp-content\/uploads\/2023\/02\/Calendario_2023.pdf\">Calend\u00e1rio 2023<\/a><\/p>\n\n\n\n<p><a rel=\"noreferrer noopener\" href=\"https:\/\/uaema.ufcg.edu.br\/wp-content\/uploads\/2022\/08\/Horario-Disciplinas-2022_2.pdf\" data-type=\"URL\" data-id=\"https:\/\/uaema.ufcg.edu.br\/wp-content\/uploads\/2022\/08\/Horario-Disciplinas-2022_2.pdf\" target=\"_blank\">Hor\u00e1rio das Disciplinas do PPG-CEMat &#8211; Per\u00edodo 2022.2<\/a><\/p>\n\n\n\n<p><a href=\"https:\/\/uaema.ufcg.edu.br\/wp-content\/uploads\/2022\/08\/Matricula-2022-2.pdf\" data-type=\"URL\" data-id=\"https:\/\/uaema.ufcg.edu.br\/wp-content\/uploads\/2022\/08\/Matricula-2022-2.pdf\" target=\"_blank\" rel=\"noreferrer noopener\">Formul\u00e1rio de Matr\u00edcula &#8211; Per\u00edodo 2022.2<\/a><\/p>\n\n\n\n<div class=\"wp-block-file\"><a id=\"wp-block-file--media-08588d84-f573-4209-aa36-ae0c81bd4776\" href=\"https:\/\/uaema.ufcg.edu.br\/wp-content\/uploads\/2022\/04\/Horario-Disciplinas-2022_1.pdf\">Hor\u00e1rio das Disciplinas 2022.1<\/a><a href=\"https:\/\/uaema.ufcg.edu.br\/wp-content\/uploads\/2022\/04\/Horario-Disciplinas-2022_1.pdf\" class=\"wp-block-file__button wp-element-button\" download aria-describedby=\"wp-block-file--media-08588d84-f573-4209-aa36-ae0c81bd4776\">Baixar<\/a><\/div>\n\n\n\n<div class=\"wp-block-file\"><a id=\"wp-block-file--media-18ef5f15-9fc2-4a36-9249-6f2eb11b3ad7\" href=\"https:\/\/uaema.ufcg.edu.br\/wp-content\/uploads\/2022\/04\/Matrcula-2022-1.pdf\">Formul\u00e1rio de Matr\u00edcula Per\u00edodo 2022-1<\/a><a href=\"https:\/\/uaema.ufcg.edu.br\/wp-content\/uploads\/2022\/04\/Matrcula-2022-1.pdf\" class=\"wp-block-file__button wp-element-button\" download aria-describedby=\"wp-block-file--media-18ef5f15-9fc2-4a36-9249-6f2eb11b3ad7\">Baixar<\/a><\/div>\n\n\n\n<div class=\"wp-block-file\"><a id=\"wp-block-file--media-dbb91539-1cb0-43b7-97bb-5ff0dfeaf655\" href=\"https:\/\/uaema.ufcg.edu.br\/wp-content\/uploads\/2022\/04\/Horario-Disciplinas-2021.2_Revisado2.pdf\">Hor\u00e1rio das Disciplinas 2021.2<\/a><a href=\"https:\/\/uaema.ufcg.edu.br\/wp-content\/uploads\/2022\/04\/Horario-Disciplinas-2021.2_Revisado2.pdf\" class=\"wp-block-file__button wp-element-button\" download aria-describedby=\"wp-block-file--media-dbb91539-1cb0-43b7-97bb-5ff0dfeaf655\">Baixar<\/a><\/div>\n\n\n\n<div class=\"wp-block-file\"><a id=\"wp-block-file--media-fee1d96b-d340-4345-9391-860158424beb\" href=\"https:\/\/uaema.ufcg.edu.br\/wp-content\/uploads\/2022\/04\/Calendario_2022.pdf\">Calend\u00e1rio 2022<\/a><a href=\"https:\/\/uaema.ufcg.edu.br\/wp-content\/uploads\/2022\/04\/Calendario_2022.pdf\" class=\"wp-block-file__button wp-element-button\" download aria-describedby=\"wp-block-file--media-fee1d96b-d340-4345-9391-860158424beb\">Baixar<\/a><\/div>\n\n\n\n<div class=\"wp-block-file\"><a id=\"wp-block-file--media-7cdf1832-2312-4096-9c15-40f1c6d27d38\" href=\"https:\/\/uaema.ufcg.edu.br\/wp-content\/uploads\/2022\/04\/Matrcula-2021-2-Revisado2.pdf\">Formul\u00e1rio de Matr\u00edcula Per\u00edodo 2021-2<\/a><a href=\"https:\/\/uaema.ufcg.edu.br\/wp-content\/uploads\/2022\/04\/Matrcula-2021-2-Revisado2.pdf\" class=\"wp-block-file__button wp-element-button\" download aria-describedby=\"wp-block-file--media-7cdf1832-2312-4096-9c15-40f1c6d27d38\">Baixar<\/a><\/div>\n\n\n\n<div class=\"wp-block-file\"><a id=\"wp-block-file--media-02ffb6aa-0077-4326-8364-cb799fcb1b36\" href=\"https:\/\/uaema.ufcg.edu.br\/wp-content\/uploads\/2022\/04\/Matrcula-2021-1.pdf\">Formul\u00e1rio de Matr\u00edcula Per\u00edodo 2021-1<\/a><a href=\"https:\/\/uaema.ufcg.edu.br\/wp-content\/uploads\/2022\/04\/Matrcula-2021-1.pdf\" class=\"wp-block-file__button wp-element-button\" download aria-describedby=\"wp-block-file--media-02ffb6aa-0077-4326-8364-cb799fcb1b36\">Baixar<\/a><\/div>\n\n\n\n<div class=\"wp-block-file\"><a id=\"wp-block-file--media-2fd0eee4-4044-4cd8-94fb-8191ea494808\" href=\"https:\/\/uaema.ufcg.edu.br\/wp-content\/uploads\/2022\/04\/Calendario_2021.pdf\">Calend\u00e1rio 2021<\/a><a href=\"https:\/\/uaema.ufcg.edu.br\/wp-content\/uploads\/2022\/04\/Calendario_2021.pdf\" class=\"wp-block-file__button wp-element-button\" download aria-describedby=\"wp-block-file--media-2fd0eee4-4044-4cd8-94fb-8191ea494808\">Baixar<\/a><\/div>\n\n\n\n<div class=\"wp-block-file\"><a id=\"wp-block-file--media-bbf9ec5e-2fc9-4fce-87c3-ce57886852fe\" href=\"https:\/\/uaema.ufcg.edu.br\/wp-content\/uploads\/2022\/04\/Horario-Disciplinas-2021.1-Revisado.pdf\">Hor\u00e1rio das Disciplinas 2021.1<\/a><a href=\"https:\/\/uaema.ufcg.edu.br\/wp-content\/uploads\/2022\/04\/Horario-Disciplinas-2021.1-Revisado.pdf\" class=\"wp-block-file__button wp-element-button\" download aria-describedby=\"wp-block-file--media-bbf9ec5e-2fc9-4fce-87c3-ce57886852fe\">Baixar<\/a><\/div>\n\n\n\n<div class=\"wp-block-file\"><a id=\"wp-block-file--media-9864847f-114a-49fc-aff5-b6a260a71cbf\" href=\"https:\/\/uaema.ufcg.edu.br\/wp-content\/uploads\/2022\/04\/Matrcula-2020-2-Revisada2-Final.pdf\">Formul\u00e1rio de Matr\u00edcula Per\u00edodo 2020-2 &#8211; Atualizado<\/a><a href=\"https:\/\/uaema.ufcg.edu.br\/wp-content\/uploads\/2022\/04\/Matrcula-2020-2-Revisada2-Final.pdf\" class=\"wp-block-file__button wp-element-button\" download aria-describedby=\"wp-block-file--media-9864847f-114a-49fc-aff5-b6a260a71cbf\">Baixar<\/a><\/div>\n\n\n\n<div class=\"wp-block-file\"><a id=\"wp-block-file--media-638ae085-c747-41b9-90c5-520cbcc1c115\" href=\"https:\/\/uaema.ufcg.edu.br\/wp-content\/uploads\/2022\/04\/Horario-Disciplinas-2020.2-Corrigido-Revisado_2_Final.pdf\">Hor\u00e1rio das Disciplinas 2020.2 &#8211; Atualizado<\/a><a href=\"https:\/\/uaema.ufcg.edu.br\/wp-content\/uploads\/2022\/04\/Horario-Disciplinas-2020.2-Corrigido-Revisado_2_Final.pdf\" class=\"wp-block-file__button wp-element-button\" download aria-describedby=\"wp-block-file--media-638ae085-c747-41b9-90c5-520cbcc1c115\">Baixar<\/a><\/div>\n\n\n\n<div class=\"wp-block-file\"><a id=\"wp-block-file--media-b80234a0-37eb-47aa-8e2e-54b9765fea72\" href=\"https:\/\/uaema.ufcg.edu.br\/wp-content\/uploads\/2022\/04\/Calendario_2020-Correto.pdf\">Calend\u00e1rio 2020<\/a><a href=\"https:\/\/uaema.ufcg.edu.br\/wp-content\/uploads\/2022\/04\/Calendario_2020-Correto.pdf\" class=\"wp-block-file__button wp-element-button\" download aria-describedby=\"wp-block-file--media-b80234a0-37eb-47aa-8e2e-54b9765fea72\">Baixar<\/a><\/div>\n\n\n\n<div class=\"wp-block-file\"><a id=\"wp-block-file--media-6d993805-bdf2-4bb6-a494-9dc9c4941924\" href=\"https:\/\/uaema.ufcg.edu.br\/wp-content\/uploads\/2022\/04\/Matrcula-2020-1.pdf\">Formul\u00e1rio de Matr\u00edcula Per\u00edodo 2020-1<\/a><a href=\"https:\/\/uaema.ufcg.edu.br\/wp-content\/uploads\/2022\/04\/Matrcula-2020-1.pdf\" class=\"wp-block-file__button wp-element-button\" download aria-describedby=\"wp-block-file--media-6d993805-bdf2-4bb6-a494-9dc9c4941924\">Baixar<\/a><\/div>\n\n\n\n<div class=\"wp-block-file\"><a id=\"wp-block-file--media-836a4211-4bd8-46b8-a053-17f2497cbdee\" href=\"https:\/\/uaema.ufcg.edu.br\/wp-content\/uploads\/2022\/04\/Horrio-2020-1.pdf\">Hor\u00e1rio das Disciplinas 2020.1<\/a><a href=\"https:\/\/uaema.ufcg.edu.br\/wp-content\/uploads\/2022\/04\/Horrio-2020-1.pdf\" class=\"wp-block-file__button wp-element-button\" download aria-describedby=\"wp-block-file--media-836a4211-4bd8-46b8-a053-17f2497cbdee\">Baixar<\/a><\/div>\n\n\n\n<div class=\"wp-block-file\"><a id=\"wp-block-file--media-87a07a1f-1cec-4e09-a998-87c701ce002e\" href=\"https:\/\/uaema.ufcg.edu.br\/wp-content\/uploads\/2022\/04\/Horario-Disciplinas-19-2.pdf\">Hor\u00e1rio das Disciplinas 2019.2<\/a><a href=\"https:\/\/uaema.ufcg.edu.br\/wp-content\/uploads\/2022\/04\/Horario-Disciplinas-19-2.pdf\" class=\"wp-block-file__button wp-element-button\" download aria-describedby=\"wp-block-file--media-87a07a1f-1cec-4e09-a998-87c701ce002e\">Baixar<\/a><\/div>\n\n\n\n<div class=\"wp-block-file\"><a id=\"wp-block-file--media-c71fe3b1-988d-479a-b92b-791c97046dae\" href=\"https:\/\/uaema.ufcg.edu.br\/wp-content\/uploads\/2022\/04\/Horario-Disciplinas-19_1-1.pdf\">Hor\u00e1rio das Disciplinas 2019.1<\/a><a href=\"https:\/\/uaema.ufcg.edu.br\/wp-content\/uploads\/2022\/04\/Horario-Disciplinas-19_1-1.pdf\" class=\"wp-block-file__button wp-element-button\" download aria-describedby=\"wp-block-file--media-c71fe3b1-988d-479a-b92b-791c97046dae\">Baixar<\/a><\/div>\n\n\n\n<div class=\"wp-block-file\"><a id=\"wp-block-file--media-22a88bb1-50aa-4a5e-ae88-5245c7dd76bd\" href=\"https:\/\/uaema.ufcg.edu.br\/wp-content\/uploads\/2022\/04\/Matrcula-2019-1.pdf\">Formul\u00e1rio de Matr\u00edcula Per\u00edodo 2019-1<\/a><a href=\"https:\/\/uaema.ufcg.edu.br\/wp-content\/uploads\/2022\/04\/Matrcula-2019-1.pdf\" class=\"wp-block-file__button wp-element-button\" download aria-describedby=\"wp-block-file--media-22a88bb1-50aa-4a5e-ae88-5245c7dd76bd\">Baixar<\/a><\/div>\n\n\n\n<div class=\"wp-block-file\"><a id=\"wp-block-file--media-e2175c77-39a2-43c7-9089-c274b805397b\" href=\"https:\/\/uaema.ufcg.edu.br\/wp-content\/uploads\/2022\/04\/Calendario_2019.pdf\">Calend\u00e1rio 2019<\/a><a href=\"https:\/\/uaema.ufcg.edu.br\/wp-content\/uploads\/2022\/04\/Calendario_2019.pdf\" class=\"wp-block-file__button wp-element-button\" download aria-describedby=\"wp-block-file--media-e2175c77-39a2-43c7-9089-c274b805397b\">Baixar<\/a><\/div>\n\n\n\n<div class=\"wp-block-file\"><a id=\"wp-block-file--media-8def8ca5-812e-42ef-8afa-5ad019f68b57\" href=\"https:\/\/uaema.ufcg.edu.br\/wp-content\/uploads\/2022\/04\/Formulario_Matricula-2018_2.pdf\">Hor\u00e1rio das Disciplinas 2018.2<\/a><a href=\"https:\/\/uaema.ufcg.edu.br\/wp-content\/uploads\/2022\/04\/Formulario_Matricula-2018_2.pdf\" class=\"wp-block-file__button wp-element-button\" download aria-describedby=\"wp-block-file--media-8def8ca5-812e-42ef-8afa-5ad019f68b57\">Baixar<\/a><\/div>\n\n\n\n<div class=\"wp-block-file\"><a id=\"wp-block-file--media-63d419d9-a25d-4bf4-9bd2-5ea4896af919\" href=\"https:\/\/uaema.ufcg.edu.br\/wp-content\/uploads\/2022\/04\/Horario-Disciplinas-18_1-Atualizado1.pdf\">Hor\u00e1rio das Disciplinas 2018.1 &#8211; ATUALIZADO<\/a><a href=\"https:\/\/uaema.ufcg.edu.br\/wp-content\/uploads\/2022\/04\/Horario-Disciplinas-18_1-Atualizado1.pdf\" class=\"wp-block-file__button wp-element-button\" download aria-describedby=\"wp-block-file--media-63d419d9-a25d-4bf4-9bd2-5ea4896af919\">Baixar<\/a><\/div>\n\n\n\n<div class=\"wp-block-file\"><a id=\"wp-block-file--media-63378cd6-c0e9-49de-bb34-1c1efa2cc21f\" href=\"https:\/\/uaema.ufcg.edu.br\/wp-content\/uploads\/2022\/04\/Formulario_Matrcula-2018_1-Atualizado1.pdf\">Formul\u00e1rio de Matr\u00edcula Per\u00edodo 2018-1 &#8211; ATUALIZADO<\/a><a href=\"https:\/\/uaema.ufcg.edu.br\/wp-content\/uploads\/2022\/04\/Formulario_Matrcula-2018_1-Atualizado1.pdf\" class=\"wp-block-file__button wp-element-button\" download aria-describedby=\"wp-block-file--media-63378cd6-c0e9-49de-bb34-1c1efa2cc21f\">Baixar<\/a><\/div>\n\n\n\n<div class=\"wp-block-file\"><a id=\"wp-block-file--media-fdd771c1-fc02-4207-86d0-3f401b778036\" href=\"https:\/\/uaema.ufcg.edu.br\/wp-content\/uploads\/2022\/04\/Horario-Disciplinas-17_3.pdf\">HOR\u00c1RIO DAS DISCIPLINAS DO PPG-CEMAT \u2013 PER\u00cdODO 2017.3<\/a><a href=\"https:\/\/uaema.ufcg.edu.br\/wp-content\/uploads\/2022\/04\/Horario-Disciplinas-17_3.pdf\" class=\"wp-block-file__button wp-element-button\" download aria-describedby=\"wp-block-file--media-fdd771c1-fc02-4207-86d0-3f401b778036\">Baixar<\/a><\/div>\n\n\n\n<div class=\"wp-block-file\"><a id=\"wp-block-file--media-b11ec6da-5178-4ea0-b43f-60fdefd3dfcb\" href=\"https:\/\/uaema.ufcg.edu.br\/wp-content\/uploads\/2022\/04\/Calendario_2018.pdf\">Calend\u00e1rio 2018<\/a><a href=\"https:\/\/uaema.ufcg.edu.br\/wp-content\/uploads\/2022\/04\/Calendario_2018.pdf\" class=\"wp-block-file__button wp-element-button\" download aria-describedby=\"wp-block-file--media-b11ec6da-5178-4ea0-b43f-60fdefd3dfcb\">Baixar<\/a><\/div>\n\n\n\n<div class=\"wp-block-file\"><a id=\"wp-block-file--media-b6a2e4b2-73d0-40e2-aaa3-87eb225b633c\" href=\"https:\/\/uaema.ufcg.edu.br\/wp-content\/uploads\/2022\/04\/Formulario_Matrcula-2017-3.pdf\">FORMUL\u00c1RIO DE MATR\u00cdCULA \u2013 PER\u00cdODO 2017.3<\/a><a href=\"https:\/\/uaema.ufcg.edu.br\/wp-content\/uploads\/2022\/04\/Formulario_Matrcula-2017-3.pdf\" class=\"wp-block-file__button wp-element-button\" download aria-describedby=\"wp-block-file--media-b6a2e4b2-73d0-40e2-aaa3-87eb225b633c\">Baixar<\/a><\/div>\n\n\n\n<div class=\"wp-block-file\"><a id=\"wp-block-file--media-febf0d15-ee09-44d9-833e-644c56b341d0\" href=\"https:\/\/uaema.ufcg.edu.br\/wp-content\/uploads\/2022\/04\/Horario-Disciplinas-17_2.pdf\">HOR\u00c1RIO DAS DISCIPLINAS DO PPG-CEMAT \u2013 PER\u00cdODO 2017.2<\/a><a href=\"https:\/\/uaema.ufcg.edu.br\/wp-content\/uploads\/2022\/04\/Horario-Disciplinas-17_2.pdf\" class=\"wp-block-file__button wp-element-button\" download aria-describedby=\"wp-block-file--media-febf0d15-ee09-44d9-833e-644c56b341d0\">Baixar<\/a><\/div>\n\n\n\n<div class=\"wp-block-file\"><a id=\"wp-block-file--media-bc63c2ea-73b4-4647-88ab-00134ed6034b\" href=\"https:\/\/uaema.ufcg.edu.br\/wp-content\/uploads\/2022\/04\/Formulario-de-Matricula-2017-2.pdf\">Formulario de Matricula Periodo 2017-2<\/a><a href=\"https:\/\/uaema.ufcg.edu.br\/wp-content\/uploads\/2022\/04\/Formulario-de-Matricula-2017-2.pdf\" class=\"wp-block-file__button wp-element-button\" download aria-describedby=\"wp-block-file--media-bc63c2ea-73b4-4647-88ab-00134ed6034b\">Baixar<\/a><\/div>\n\n\n\n<div class=\"wp-block-file\"><a id=\"wp-block-file--media-c0c07cb9-fc9b-4d50-b25e-75c1da114619\" href=\"https:\/\/uaema.ufcg.edu.br\/wp-content\/uploads\/2022\/04\/Matrcula-2017-1.pdf\">FORMUL\u00c1RIO DE MATR\u00cdCULA \u2013 PER\u00cdODO 2017.1<\/a><a href=\"https:\/\/uaema.ufcg.edu.br\/wp-content\/uploads\/2022\/04\/Matrcula-2017-1.pdf\" class=\"wp-block-file__button wp-element-button\" download aria-describedby=\"wp-block-file--media-c0c07cb9-fc9b-4d50-b25e-75c1da114619\">Baixar<\/a><\/div>\n\n\n\n<div class=\"wp-block-file\"><a id=\"wp-block-file--media-39a1d496-1d1f-4d6e-8d14-c845df989052\" href=\"https:\/\/uaema.ufcg.edu.br\/wp-content\/uploads\/2022\/04\/Informe-Sobre-Data-da-Matricula-2017-1.pdf\">INFORME SOBRE DATA DA MATRICULA 2017-1<\/a><a href=\"https:\/\/uaema.ufcg.edu.br\/wp-content\/uploads\/2022\/04\/Informe-Sobre-Data-da-Matricula-2017-1.pdf\" class=\"wp-block-file__button wp-element-button\" download aria-describedby=\"wp-block-file--media-39a1d496-1d1f-4d6e-8d14-c845df989052\">Baixar<\/a><\/div>\n\n\n\n<div class=\"wp-block-file\"><a id=\"wp-block-file--media-957fe14c-9bf3-415b-9eea-fd8ac82fc045\" href=\"https:\/\/uaema.ufcg.edu.br\/wp-content\/uploads\/2022\/04\/Calendario_2017.pdf\">Calend\u00e1rio 2017<\/a><a href=\"https:\/\/uaema.ufcg.edu.br\/wp-content\/uploads\/2022\/04\/Calendario_2017.pdf\" class=\"wp-block-file__button wp-element-button\" download aria-describedby=\"wp-block-file--media-957fe14c-9bf3-415b-9eea-fd8ac82fc045\">Baixar<\/a><\/div>\n\n\n\n<div class=\"wp-block-file\"><a id=\"wp-block-file--media-0c567abe-7b06-46cf-96db-23f450ae0bc4\" href=\"https:\/\/uaema.ufcg.edu.br\/wp-content\/uploads\/2022\/04\/Horario-Disciplinas-2017_1.pdf\">HOR\u00c1RIO DAS DISCIPLINAS DO PPG-CEMAT \u2013 PER\u00cdODO 2017.1<\/a><a href=\"https:\/\/uaema.ufcg.edu.br\/wp-content\/uploads\/2022\/04\/Horario-Disciplinas-2017_1.pdf\" class=\"wp-block-file__button wp-element-button\" download aria-describedby=\"wp-block-file--media-0c567abe-7b06-46cf-96db-23f450ae0bc4\">Baixar<\/a><\/div>\n\n\n\n<div class=\"wp-block-file\"><a id=\"wp-block-file--media-e286647c-a016-422f-a2d9-4d43832ceecf\" href=\"https:\/\/uaema.ufcg.edu.br\/wp-content\/uploads\/2022\/04\/Formulario-de-Matrcula-2016-3.pdf\">FORMUL\u00c1RIO DE MATR\u00cdCULA \u2013 PER\u00cdODO 2016.3<\/a><a href=\"https:\/\/uaema.ufcg.edu.br\/wp-content\/uploads\/2022\/04\/Formulario-de-Matrcula-2016-3.pdf\" class=\"wp-block-file__button wp-element-button\" download aria-describedby=\"wp-block-file--media-e286647c-a016-422f-a2d9-4d43832ceecf\">Baixar<\/a><\/div>\n\n\n\n<div class=\"wp-block-file\"><a id=\"wp-block-file--media-aed96756-6d33-49de-9569-f78372c161ea\" href=\"https:\/\/uaema.ufcg.edu.br\/wp-content\/uploads\/2022\/04\/Horario-16-3.pdf\">HOR\u00c1RIO DAS DISCIPLINAS DO PPG-CEMAT \u2013 PER\u00cdODO 2016.3<\/a><a href=\"https:\/\/uaema.ufcg.edu.br\/wp-content\/uploads\/2022\/04\/Horario-16-3.pdf\" class=\"wp-block-file__button wp-element-button\" download aria-describedby=\"wp-block-file--media-aed96756-6d33-49de-9569-f78372c161ea\">Baixar<\/a><\/div>\n\n\n\n<div class=\"wp-block-file\"><a id=\"wp-block-file--media-1d013148-8701-4d18-ae76-01aacc84724a\" href=\"https:\/\/uaema.ufcg.edu.br\/wp-content\/uploads\/2022\/04\/calendario_2016_PPGCEMAT.pdf\">Calend\u00e1rio 2016<\/a><a href=\"https:\/\/uaema.ufcg.edu.br\/wp-content\/uploads\/2022\/04\/calendario_2016_PPGCEMAT.pdf\" class=\"wp-block-file__button wp-element-button\" download aria-describedby=\"wp-block-file--media-1d013148-8701-4d18-ae76-01aacc84724a\">Baixar<\/a><\/div>","protected":false},"excerpt":{"rendered":"<p>Calend\u00e1rio 2026 Hor\u00e1rio das Disciplinas do PPG-CEMat \u2013 Per\u00edodo 2025.2 Calend\u00e1rio 2025 Hor\u00e1rio das Disciplinas do PPG-CEMat \u2013 Per\u00edodo 2025.1 Hor\u00e1rio das Disciplinas do PPG-CEMat \u2013 Per\u00edodo 2024.2 Formul\u00e1rio de Matr\u00edcula 2024.2 (apenas para matr\u00edcula n\u00e3o online) Hor\u00e1rio das Disciplinas do PPG-CEMat &#8211; Per\u00edodo 2024.1 Formul\u00e1rio de Matr\u00edcula 2024.1 (apenas para matr\u00edcula n\u00e3o online) Calend\u00e1rio [&hellip;]<\/p>","protected":false},"author":1,"featured_media":0,"parent":0,"menu_order":0,"comment_status":"closed","ping_status":"closed","template":"","meta":{"footnotes":""},"class_list":["post-164","page","type-page","status-publish","hentry"],"_links":{"self":[{"href":"https:\/\/uaema.ufcg.edu.br\/en\/wp-json\/wp\/v2\/pages\/164","targetHints":{"allow":["GET"]}}],"collection":[{"href":"https:\/\/uaema.ufcg.edu.br\/en\/wp-json\/wp\/v2\/pages"}],"about":[{"href":"https:\/\/uaema.ufcg.edu.br\/en\/wp-json\/wp\/v2\/types\/page"}],"author":[{"embeddable":true,"href":"https:\/\/uaema.ufcg.edu.br\/en\/wp-json\/wp\/v2\/users\/1"}],"replies":[{"embeddable":true,"href":"https:\/\/uaema.ufcg.edu.br\/en\/wp-json\/wp\/v2\/comments?post=164"}],"version-history":[{"count":22,"href":"https:\/\/uaema.ufcg.edu.br\/en\/wp-json\/wp\/v2\/pages\/164\/revisions"}],"predecessor-version":[{"id":1284,"href":"https:\/\/uaema.ufcg.edu.br\/en\/wp-json\/wp\/v2\/pages\/164\/revisions\/1284"}],"wp:attachment":[{"href":"https:\/\/uaema.ufcg.edu.br\/en\/wp-json\/wp\/v2\/media?parent=164"}],"curies":[{"name":"wp","href":"https:\/\/api.w.org\/{rel}","templated":true}]}}