{"id":404,"date":"2022-04-27T16:18:47","date_gmt":"2022-04-27T19:18:47","guid":{"rendered":"https:\/\/test.cct.ufcg.edu.br\/?page_id=404"},"modified":"2025-07-18T07:57:47","modified_gmt":"2025-07-18T10:57:47","slug":"pos-corpo-docente","status":"publish","type":"page","link":"https:\/\/uaema.ufcg.edu.br\/en\/pos-corpo-docente\/","title":{"rendered":"Professors"},"content":{"rendered":"<p><strong>Lista dos Professores que Comp\u00f5em o Corpo Docente do Programa de P\u00f3s-Gradua\u00e7\u00e3o em Ci\u00eancia e Engenharia de Materiais.<\/strong><\/p>\n\n\n\n<figure class=\"wp-block-table\"><table class=\"has-fixed-layout\"><thead><tr><th><strong>NAME<\/strong><\/th><th><strong>EMAIL<\/strong><\/th><th><strong>LATTES<\/strong><\/th><\/tr><\/thead><tbody><tr><td>Ana Cristina Figueiredo de Melo Costa<\/td><td><a href=\"mailto:ana.costa@ufcg.edu.br\" target=\"_blank\" rel=\"noreferrer noopener\">ana.figueiredo@professor.ufcg.edu.br<\/a><\/td><td><a href=\"http:\/\/lattes.cnpq.br\/6309225172752964\" target=\"_blank\" rel=\"noreferrer noopener\">http:\/\/lattes.cnpq.br\/6309225172752964<\/a><\/td><\/tr><tr><td>Antonio Almeida Silva<\/td><td><a href=\"http:\/\/lattes.cnpq.br\/8361717016612632\"><\/a><a href=\"mailto:antonio.almeida@professor.ufcg.edu.br\">antonio.almeida@professor.ufcg.edu.br<\/a>&nbsp;<\/td><td><a href=\"http:\/\/lattes.cnpq.br\/8361717016612632\">http:\/\/lattes.cnpq.br\/8361717016612632<\/a><\/td><\/tr><tr><td>Carlos Jos\u00e9 de Ara\u00fajo<\/td><td><a href=\"mailto:carlos.jose@professor.ufcg.edu.br\">carlos.jose@professor.ufcg.edu.br<\/a><\/td><td><a href=\"http:\/\/lattes.cnpq.br\/9466801408291152\" target=\"_blank\" rel=\"noreferrer noopener\">http:\/\/lattes.cnpq.br\/9466801408291152<\/a><\/td><\/tr><tr><td>Crislene Rodrigues da Silva Morais<\/td><td><a href=\"mailto:crislene.morais@ufcg.edu.br\" target=\"_blank\" rel=\"noreferrer noopener\">crislene.rodrigues@professor.ufcg.edu.br<\/a><\/td><td><a href=\"http:\/\/lattes.cnpq.br\/1255608881036504\" target=\"_blank\" rel=\"noreferrer noopener\">http:\/\/lattes.cnpq.br\/1255608881036504<\/a><\/td><\/tr><tr><td>Edcleide Maria Ara\u00fajo<\/td><td><a href=\"mailto:edcleide.araujo@ufcg.edu.br\" target=\"_blank\" rel=\"noreferrer noopener\">edcleide.maria@professor.ufcg.edu.br<\/a><\/td><td><a href=\"http:\/\/lattes.cnpq.br\/1097999681102529\" target=\"_blank\" rel=\"noreferrer noopener\">http:\/\/lattes.cnpq.br\/1097999681102529<\/a><\/td><\/tr><tr><td>Gelmires de Ara\u00fajo Neves<\/td><td><a href=\"mailto:gelmires.neves@ufcg.edu.br\" target=\"_blank\" rel=\"noreferrer noopener\">gelmires.araujo@professor.ufcg.edu.br<\/a><\/td><td><a href=\"http:\/\/lattes.cnpq.br\/3167458244674160\" target=\"_blank\" rel=\"noreferrer noopener\">http:\/\/lattes.cnpq.br\/3167458244674160<\/a><\/td><\/tr><tr><td>Helio de Lucena Lira<\/td><td><a href=\"mailto:helio.lira@ufcg.edu.br\" target=\"_blank\" rel=\"noreferrer noopener\">helio.lucena@professor.ufcg.edu.br<\/a><\/td><td><a href=\"http:\/\/lattes.cnpq.br\/5548799845411781\" data-type=\"link\" data-id=\"http:\/\/lattes.cnpq.br\/5548799845411781\" target=\"_blank\" rel=\"noreferrer noopener\">http:\/\/lattes.cnpq.br\/5548799845411781<\/a><\/td><\/tr><tr><td>Laura Hecker de Carvalho<\/td><td><a href=\"mailto:laura.hecker@ufcg.edu.br\" target=\"_blank\" rel=\"noreferrer noopener\">laura.hecker@ufcg.edu.br<\/a><br><a href=\"mailto:heckerdecarvalho@yahoo.com.br\">heckerdecarvalho@yahoo.com.br<\/a><\/td><td><a href=\"http:\/\/lattes.cnpq.br\/6358009621640820\" target=\"_blank\" rel=\"noreferrer noopener\">http:\/\/lattes.cnpq.br\/6358009621640820<\/a><\/td><\/tr><tr><td>Lisiane Navarro de Lima Santana<\/td><td><a href=\"mailto:lisiane.navarro@ufcg.edu.br\" target=\"_blank\" rel=\"noreferrer noopener\">lisiane.navarro@professor.ufcg.edu.br<\/a><\/td><td><a href=\"http:\/\/lattes.cnpq.br\/4057799848801141\" target=\"_blank\" rel=\"noreferrer noopener\">http:\/\/lattes.cnpq.br\/4057799848801141<\/a><\/td><\/tr><tr><td>Luciana Viana Amorim<\/td><td><a href=\"mailto:luciana@uaepetro.ufcg.edu.br\">luciana@uaepetro.ufcg.edu.br<\/a><\/td><td><a href=\"http:\/\/lattes.cnpq.br\/7209301206982076\">http:\/\/lattes.cnpq.br\/7209301206982076<\/a><\/td><\/tr><tr><td>Marcus Vinicius Lia Fook<\/td><td><a href=\"mailto:marcus.fook@ufcg.edu.br\" target=\"_blank\" rel=\"noreferrer noopener\">marcus.liafook@certbio.ufcg.edu.br<\/a><\/td><td><a href=\"http:\/\/lattes.cnpq.br\/4149843752530120\" target=\"_blank\" rel=\"noreferrer noopener\">http:\/\/lattes.cnpq.br\/4149843752530120<\/a><\/td><\/tr><tr><td>Renate Maria Ramos Wellen<\/td><td><a href=\"mailto:wellen.renate@propesq.ufpb.br\" target=\"_blank\" rel=\"noreferrer noopener\">wellen.renate@gmail.com<\/a><\/td><td><a href=\"http:\/\/lattes.cnpq.br\/5406259642631461\" target=\"_blank\" rel=\"noreferrer noopener\">http:\/\/lattes.cnpq.br\/5406259642631461<\/a><\/td><\/tr><tr><td>Romualdo Rodrigues Menezes<\/td><td><a href=\"\/en\/romualdo.rodrigues@professor.ufcg.edu.br\/\" data-type=\"link\" data-id=\"romualdo.rodrigues@professor.ufcg.edu.br\" target=\"_blank\" rel=\"noreferrer noopener\">romualdo.rodrigues@professor.ufcg.edu.br<\/a><\/td><td><a href=\"http:\/\/lattes.cnpq.br\/1169292996645931\" target=\"_blank\" rel=\"noreferrer noopener\">http:\/\/lattes.cnpq.br\/1169292996645931<\/a><\/td><\/tr><tr><td>Su\u00e9dina Maria de Lima Silva<\/td><td><a href=\"mailto:suedina.silva@ufcg.edu.br\" target=\"_blank\" rel=\"noreferrer noopener\">suedina.maria@professor.ufcg.edu.br<\/a><\/td><td><a href=\"http:\/\/lattes.cnpq.br\/6437959556217825\" target=\"_blank\" rel=\"noreferrer noopener\">http:\/\/lattes.cnpq.br\/6437959556217825<\/a><\/td><\/tr><tr><td>Tom\u00e1s Jeferson Alves de M\u00e9lo<\/td><td><a href=\"mailto:tomas.jeferson@ufcg.edu.br\" target=\"_blank\" rel=\"noreferrer noopener\">tomas.jeferson@professor.ufcg.edu.br<\/a><\/td><td><a href=\"http:\/\/lattes.cnpq.br\/8562091525519918\" target=\"_blank\" rel=\"noreferrer noopener\">http:\/\/lattes.cnpq.br\/8562091525519918<\/a><\/td><\/tr><\/tbody><\/table><\/figure>","protected":false},"excerpt":{"rendered":"<p>Lista dos Professores que Comp\u00f5em o Corpo Docente do Programa de P\u00f3s-Gradua\u00e7\u00e3o em Ci\u00eancia e Engenharia de Materiais. NOME EMAIL LATTES Ana Cristina Figueiredo de Melo Costa ana.figueiredo@professor.ufcg.edu.br http:\/\/lattes.cnpq.br\/6309225172752964 Antonio Almeida Silva antonio.almeida@professor.ufcg.edu.br&nbsp; http:\/\/lattes.cnpq.br\/8361717016612632 Carlos Jos\u00e9 de Ara\u00fajo carlos.jose@professor.ufcg.edu.br http:\/\/lattes.cnpq.br\/9466801408291152 Crislene Rodrigues da Silva Morais crislene.rodrigues@professor.ufcg.edu.br http:\/\/lattes.cnpq.br\/1255608881036504 Edcleide Maria Ara\u00fajo edcleide.maria@professor.ufcg.edu.br http:\/\/lattes.cnpq.br\/1097999681102529 Gelmires de Ara\u00fajo [&hellip;]<\/p>","protected":false},"author":1,"featured_media":0,"parent":0,"menu_order":0,"comment_status":"closed","ping_status":"closed","template":"","meta":{"footnotes":""},"class_list":["post-404","page","type-page","status-publish","hentry"],"_links":{"self":[{"href":"https:\/\/uaema.ufcg.edu.br\/en\/wp-json\/wp\/v2\/pages\/404","targetHints":{"allow":["GET"]}}],"collection":[{"href":"https:\/\/uaema.ufcg.edu.br\/en\/wp-json\/wp\/v2\/pages"}],"about":[{"href":"https:\/\/uaema.ufcg.edu.br\/en\/wp-json\/wp\/v2\/types\/page"}],"author":[{"embeddable":true,"href":"https:\/\/uaema.ufcg.edu.br\/en\/wp-json\/wp\/v2\/users\/1"}],"replies":[{"embeddable":true,"href":"https:\/\/uaema.ufcg.edu.br\/en\/wp-json\/wp\/v2\/comments?post=404"}],"version-history":[{"count":10,"href":"https:\/\/uaema.ufcg.edu.br\/en\/wp-json\/wp\/v2\/pages\/404\/revisions"}],"predecessor-version":[{"id":1224,"href":"https:\/\/uaema.ufcg.edu.br\/en\/wp-json\/wp\/v2\/pages\/404\/revisions\/1224"}],"wp:attachment":[{"href":"https:\/\/uaema.ufcg.edu.br\/en\/wp-json\/wp\/v2\/media?parent=404"}],"curies":[{"name":"wp","href":"https:\/\/api.w.org\/{rel}","templated":true}]}}