{"id":423,"date":"2022-05-23T12:35:35","date_gmt":"2022-05-23T15:35:35","guid":{"rendered":"https:\/\/uaema.ufcg.edu.br\/?page_id=423"},"modified":"2025-04-27T20:11:02","modified_gmt":"2025-04-27T23:11:02","slug":"coordenacao-e-colegiado","status":"publish","type":"page","link":"https:\/\/uaema.ufcg.edu.br\/en\/coordenacao-e-colegiado\/","title":{"rendered":"Coordination and Collegiate"},"content":{"rendered":"<h2 class=\"wp-block-heading\">Postgraduate Coordination<\/h2>\n\n\n\n<figure class=\"wp-block-table\"><table><thead><tr><th>POSITION<\/th><th>NAME<\/th><th>EMAIL<\/th><th>PHONE<\/th><th class=\"has-text-align-center\" data-align=\"center\">LATTES<\/th><\/tr><\/thead><tbody><tr><td>Postgraduate Coordinator<\/td><td>Prof. Dr. Romualdo Rdorigues Menezes<\/td><td><a href=\"mailto:romualdo.menezes@ufcg.edu.br\" target=\"_blank\" rel=\"noreferrer noopener\">romualdo.menezes@ufcg.edu.br<\/a><\/td><td><a href=\"tel: 558321011544\" target=\"_blank\" rel=\"noreferrer noopener\">(83) 2101-1544<\/a><\/td><td class=\"has-text-align-center\" data-align=\"center\"><a href=\"http:\/\/lattes.cnpq.br\/1169292996645931\" target=\"_blank\" rel=\"noreferrer noopener\">http:\/\/lattes.cnpq.br\/1169292996645931<\/a><\/td><\/tr><tr><td>Postgraduate Department<\/td><td>Barbara Araujo Sampaio<\/td><td><a href=\"mailto:ppgcemat@ufcg.edu.br\" target=\"_blank\" rel=\"noreferrer noopener\">ppgcemat@ufcg.edu.br<\/a><\/td><td><a href=\"tel: 558321011179\" target=\"_blank\" rel=\"noreferrer noopener\">(83) 2101-1179<\/a><\/td><td class=\"has-text-align-center\" data-align=\"center\">&#8211;<\/td><\/tr><tr><td>Postgraduate Department<\/td><td>Jos\u00e9 Andre da Costa<\/td><td><a href=\"mailto:ppgcemat@ufcg.edu.br\" target=\"_blank\" rel=\"noreferrer noopener\">ppgcemat@ufcg.edu.br<\/a><\/td><td><a rel=\"noreferrer noopener\" href=\"tel: 558321011179\" target=\"_blank\">(83) 2101-1179<\/a><\/td><td class=\"has-text-align-center\" data-align=\"center\">&#8211;<\/td><\/tr><\/tbody><\/table><\/figure>\n\n\n\n<h2 class=\"wp-block-heading\">Collegiate of the Postgraduate Program in Materials Science and Engineering<\/h2>\n\n\n\n<figure class=\"wp-block-table\"><table><thead><tr><th>POSITION<\/th><th>NAME<\/th><\/tr><\/thead><tbody><tr><td>President<\/td><td>Prof. Dr. Romualdo Rodrigues Menezes<\/td><\/tr><tr><td>Educator Representative<\/td><td>Prof. Dr. Helio de Lucena Lira<\/td><\/tr><tr><td>Educator Representative<\/td><td>Prof. Dr. Gelmires de Ara\u00fajo Neves<\/td><\/tr><tr><td>Educator Representative<\/td><td>Prof. Dr. Tomas Jeferson de Alves Melo<\/td><\/tr><tr><td>Educator Representative<\/td><td>Prof. Dr. Carlos Jose de Araujo<\/td><\/tr><tr><td>Student Representative<\/td><td>Cynthia Ribeiro Guimar\u00e3es<\/td><\/tr><tr><td>Administrative Technician Representative<\/td><td>Barbara Araujo Sampaio<\/td><\/tr><\/tbody><\/table><\/figure>","protected":false},"excerpt":{"rendered":"<p>Coordena\u00e7\u00e3o de P\u00f3s-Gradua\u00e7\u00e3o CARGO NOME EMAIL TELEFONE LATTES Coordenador de P\u00f3s-Gradua\u00e7\u00e3o Prof. Dr. Romualdo Rdorigues Menezes romualdo.menezes@ufcg.edu.br (83) 2101-1544 http:\/\/lattes.cnpq.br\/1169292996645931 Secretaria de P\u00f3s-Gradua\u00e7\u00e3o Barbara Araujo Sampaio ppgcemat@ufcg.edu.br (83) 2101-1179 &#8211; Secretaria de P\u00f3s-Gradua\u00e7\u00e3o Jos\u00e9 Andre da Costa ppgcemat@ufcg.edu.br (83) 2101-1179 &#8211; Colegiado do Programa de P\u00f3s-Gradua\u00e7\u00e3o em Ci\u00eancia e Engenharia de Materiais CARGO NOME Presidente [&hellip;]<\/p>","protected":false},"author":1,"featured_media":0,"parent":0,"menu_order":0,"comment_status":"closed","ping_status":"closed","template":"","meta":{"footnotes":""},"class_list":["post-423","page","type-page","status-publish","hentry"],"_links":{"self":[{"href":"https:\/\/uaema.ufcg.edu.br\/en\/wp-json\/wp\/v2\/pages\/423","targetHints":{"allow":["GET"]}}],"collection":[{"href":"https:\/\/uaema.ufcg.edu.br\/en\/wp-json\/wp\/v2\/pages"}],"about":[{"href":"https:\/\/uaema.ufcg.edu.br\/en\/wp-json\/wp\/v2\/types\/page"}],"author":[{"embeddable":true,"href":"https:\/\/uaema.ufcg.edu.br\/en\/wp-json\/wp\/v2\/users\/1"}],"replies":[{"embeddable":true,"href":"https:\/\/uaema.ufcg.edu.br\/en\/wp-json\/wp\/v2\/comments?post=423"}],"version-history":[{"count":2,"href":"https:\/\/uaema.ufcg.edu.br\/en\/wp-json\/wp\/v2\/pages\/423\/revisions"}],"predecessor-version":[{"id":1172,"href":"https:\/\/uaema.ufcg.edu.br\/en\/wp-json\/wp\/v2\/pages\/423\/revisions\/1172"}],"wp:attachment":[{"href":"https:\/\/uaema.ufcg.edu.br\/en\/wp-json\/wp\/v2\/media?parent=423"}],"curies":[{"name":"wp","href":"https:\/\/api.w.org\/{rel}","templated":true}]}}