{"id":427,"date":"2022-05-23T14:19:25","date_gmt":"2022-05-23T17:19:25","guid":{"rendered":"https:\/\/uaema.ufcg.edu.br\/?page_id=427"},"modified":"2024-06-07T18:14:25","modified_gmt":"2024-06-07T21:14:25","slug":"contato","status":"publish","type":"page","link":"https:\/\/uaema.ufcg.edu.br\/en\/contato\/","title":{"rendered":"Contact"},"content":{"rendered":"<h2 class=\"wp-block-heading\">Address<\/h2>\n\n\n\n<p>Federal University of Campina Grande<br>CL Block - Ground Floor<br>Av. Apr\u00edgio Veloso 882 &#8211; Bairro Universit\u00e1rio<br>Campina Grande - PB - CEP: 58429-900 - Brazil<\/p>\n\n\n\n<h2 class=\"wp-block-heading\">Undergraduate<\/h2>\n\n\n\n<p>Phone: <a href=\"tel: 558321011180\" target=\"_blank\" rel=\"noreferrer noopener\">(83) 2101-1180<\/a><br>Email: <a href=\"mailto:carlos.thiago@professor.ufcg.edu.br\" target=\"_blank\" rel=\"noreferrer noopener\">materiais.cct@graduacao.ufcg.edu.br<\/a><\/p>\n\n\n\n<h2 class=\"wp-block-heading\">Postgraduate<\/h2>\n\n\n\n<p>Phone: <a href=\"tel: 558321011179\" target=\"_blank\" rel=\"noreferrer noopener\">(83) 2101-1179<\/a><br>Email: <a href=\"mailto:ppgcemat@ufcg.edu.br\" target=\"_blank\" rel=\"noreferrer noopener\">ppgcemat@setor.ufcg.edu.br<\/a><\/p>","protected":false},"excerpt":{"rendered":"<p>Endere\u00e7o Universidade Federal de Campina GrandeBloco CL &#8211; Andar T\u00e9rreoAv. Apr\u00edgio Veloso 882 &#8211; Bairro Universit\u00e1rioCampina Grande &#8211; PB &#8211; CEP: 58429-900 &#8211; Brasil Gradua\u00e7\u00e3o Telefone: (83) 2101-1180Email: materiais.cct@graduacao.ufcg.edu.br P\u00f3s-Gradua\u00e7\u00e3o Telefone: (83) 2101-1179Email: ppgcemat@setor.ufcg.edu.br<\/p>","protected":false},"author":1,"featured_media":0,"parent":0,"menu_order":0,"comment_status":"closed","ping_status":"closed","template":"","meta":{"footnotes":""},"class_list":["post-427","page","type-page","status-publish","hentry"],"_links":{"self":[{"href":"https:\/\/uaema.ufcg.edu.br\/en\/wp-json\/wp\/v2\/pages\/427","targetHints":{"allow":["GET"]}}],"collection":[{"href":"https:\/\/uaema.ufcg.edu.br\/en\/wp-json\/wp\/v2\/pages"}],"about":[{"href":"https:\/\/uaema.ufcg.edu.br\/en\/wp-json\/wp\/v2\/types\/page"}],"author":[{"embeddable":true,"href":"https:\/\/uaema.ufcg.edu.br\/en\/wp-json\/wp\/v2\/users\/1"}],"replies":[{"embeddable":true,"href":"https:\/\/uaema.ufcg.edu.br\/en\/wp-json\/wp\/v2\/comments?post=427"}],"version-history":[{"count":2,"href":"https:\/\/uaema.ufcg.edu.br\/en\/wp-json\/wp\/v2\/pages\/427\/revisions"}],"predecessor-version":[{"id":1063,"href":"https:\/\/uaema.ufcg.edu.br\/en\/wp-json\/wp\/v2\/pages\/427\/revisions\/1063"}],"wp:attachment":[{"href":"https:\/\/uaema.ufcg.edu.br\/en\/wp-json\/wp\/v2\/media?parent=427"}],"curies":[{"name":"wp","href":"https:\/\/api.w.org\/{rel}","templated":true}]}}