{"id":56,"date":"2022-04-27T10:54:11","date_gmt":"2022-04-27T13:54:11","guid":{"rendered":"https:\/\/test.cct.ufcg.edu.br\/?page_id=56"},"modified":"2022-04-27T10:54:11","modified_gmt":"2022-04-27T13:54:11","slug":"ua-apresentacao","status":"publish","type":"page","link":"https:\/\/uaema.ufcg.edu.br\/en\/ua-apresentacao\/","title":{"rendered":"Presentation"},"content":{"rendered":"<p>The Materials Engineering Unit (UAEMa) of Campina Grande Federal University Technology and Science Center was created in 2002 from former Materials Engneering Department, and now encompasses undergraduate and postgraduate programs and aims to effectively and didactically integrate undergraduate, postgraduate, research and extension.<\/p>\n\n\n\n<div class=\"wp-block-image\"><figure class=\"alignleft size-full\"><img loading=\"lazy\" decoding=\"async\" width=\"400\" height=\"267\" src=\"https:\/\/test.cct.ufcg.edu.br\/wp-content\/uploads\/2022\/04\/116.jpeg\" alt=\"\" class=\"wp-image-57\" srcset=\"https:\/\/uaema.ufcg.edu.br\/wp-content\/uploads\/2022\/04\/116.jpeg 400w, https:\/\/uaema.ufcg.edu.br\/wp-content\/uploads\/2022\/04\/116-300x200.jpeg 300w\" sizes=\"auto, (max-width: 400px) 100vw, 400px\" \/><\/figure><\/div>\n\n\n\n<p>Aiming to integrate teaching, research and extension, UAEMa is organized in Administrative Coordination, Undergraduate Coordination, Postgraduate Coordination and Research Coordination. For this purpose, the unit has eighteen full professors who work in undergraduate and postgraduate programs and develop research and extension tasks.<\/p>\n\n\n\n<p>UAEMa offers Materials Engineering Undergraduate and Science and Materials Engineering Master\u2019s and Doctoral Postgraduate Courses and aims to graduate qualified professionals with critical, systemic, humanistic and ethical vision who are able to adapt to the demands of scientific and technological progress, as well as to understand the importance of political, economical, social and environmental aspects, in accordance with social demands.<\/p>\n\n\n\n<p>Our infrastructure is made of several laboratories in synthesis, processing and materials characterization areas, which enables theories consolidation and guarantees the development of capable and trained science and technology professionals.<\/p>","protected":false},"excerpt":{"rendered":"<p>A Unidade Acad\u00eamica de Engenharia de Materiais, UAEMa, do Centro de Ci\u00eancias e Tecnologia da Universidade Federal de Campina Grande foi criada em 2002 a partir do ent\u00e3o Departamento de Engenharia de Materiais, passando a englobar os Cursos de Gradua\u00e7\u00e3o e P\u00f3s-Gradua\u00e7\u00e3o e visando integrar o ensino de gradua\u00e7\u00e3o, de p\u00f3s-gradua\u00e7\u00e3o, a pesquisa e a [&hellip;]<\/p>","protected":false},"author":1,"featured_media":0,"parent":0,"menu_order":0,"comment_status":"closed","ping_status":"closed","template":"","meta":{"footnotes":""},"class_list":["post-56","page","type-page","status-publish","hentry"],"_links":{"self":[{"href":"https:\/\/uaema.ufcg.edu.br\/en\/wp-json\/wp\/v2\/pages\/56","targetHints":{"allow":["GET"]}}],"collection":[{"href":"https:\/\/uaema.ufcg.edu.br\/en\/wp-json\/wp\/v2\/pages"}],"about":[{"href":"https:\/\/uaema.ufcg.edu.br\/en\/wp-json\/wp\/v2\/types\/page"}],"author":[{"embeddable":true,"href":"https:\/\/uaema.ufcg.edu.br\/en\/wp-json\/wp\/v2\/users\/1"}],"replies":[{"embeddable":true,"href":"https:\/\/uaema.ufcg.edu.br\/en\/wp-json\/wp\/v2\/comments?post=56"}],"version-history":[{"count":1,"href":"https:\/\/uaema.ufcg.edu.br\/en\/wp-json\/wp\/v2\/pages\/56\/revisions"}],"predecessor-version":[{"id":58,"href":"https:\/\/uaema.ufcg.edu.br\/en\/wp-json\/wp\/v2\/pages\/56\/revisions\/58"}],"wp:attachment":[{"href":"https:\/\/uaema.ufcg.edu.br\/en\/wp-json\/wp\/v2\/media?parent=56"}],"curies":[{"name":"wp","href":"https:\/\/api.w.org\/{rel}","templated":true}]}}