{"id":61,"date":"2022-04-27T11:00:50","date_gmt":"2022-04-27T14:00:50","guid":{"rendered":"https:\/\/test.cct.ufcg.edu.br\/?page_id=61"},"modified":"2025-03-11T14:36:40","modified_gmt":"2025-03-11T17:36:40","slug":"coordenacao","status":"publish","type":"page","link":"https:\/\/uaema.ufcg.edu.br\/en\/coordenacao\/","title":{"rendered":"Coordination"},"content":{"rendered":"<figure class=\"wp-block-table\"><table class=\"has-fixed-layout\"><tbody><tr><td><strong>POSITION<\/strong><\/td><td><strong>NAME<\/strong><\/td><td><strong>EMAIL<\/strong><\/td><td><strong>PHONE<\/strong><\/td><td><strong>LATTES<\/strong><\/td><\/tr><tr><td>Administrative Coordinator<\/td><td>Prof. Dr. Reginaldo Severo de Macedo<\/td><td><a href=\"mailto:reginaldo.severo@ufcg.edu.br\" target=\"_blank\" rel=\"noreferrer noopener\"><\/a><a href=\"mailto:reginaldo.severo@ufcg.edu.br\" target=\"_blank\" rel=\"noreferrer noopener\">reginaldo.severo@professor.ufcg.edu.br<\/a><\/td><td><a href=\"tel: 558321011182\" data-type=\"URL\" target=\"_blank\" rel=\"noreferrer noopener\">(83) 2101-1182<\/a><\/td><td><a href=\"http:\/\/lattes.cnpq.br\/5207061220848694\">http:\/\/lattes.cnpq.br\/5207061220848694<\/a><\/td><\/tr><tr><td>Undergraduate Coordinator<\/td><td>Prof. Dr. Carlos Thiago Candido Cunha<\/td><td><a href=\"mailto:carlos.thiago@professor.ufcg.edu.br\">carlos.thiago@professor.ufcg.edu.br<\/a><\/td><td><a href=\"tel: 558321011180\" data-type=\"tel\" data-id=\"tel:+558321011180\" target=\"_blank\" rel=\"noreferrer noopener\">(83) 2101-1180<\/a><\/td><td><a href=\"http:\/\/lattes.cnpq.br\/0288408380576553\">http:\/\/lattes.cnpq.br\/0288408380576553<\/a><\/td><\/tr><tr><td>Research and Extension Coordinator<\/td><td>Prof.a Dr.a Edcleide Maria Ara\u00fajo<\/td><td><a href=\"mailto:normanda.lino@professor.ufcg.edu.br\" target=\"_blank\" rel=\"noreferrer noopener\"><\/a><a href=\"mailto:edcleide.araujo@ufcg.edu.br\" target=\"_blank\" rel=\"noreferrer noopener\">edcleide.maria@professor.ufcg.edu.br<\/a><\/td><td><a href=\"tel: 558321011183\" target=\"_blank\" rel=\"noreferrer noopener\">(83) 2101 1183<\/a><\/td><td><a href=\"http:\/\/lattes.cnpq.br\/1097999681102529\">http:\/\/lattes.cnpq.br\/1097999681102529<\/a><\/td><\/tr><tr><td>Postgraduate Coordinator<\/td><td>Prof. Dr. Romualdo Rodrigues Menezes<\/td><td><a href=\"mailto:romualdo.menezes@ufcg.edu.br\" target=\"_blank\" rel=\"noreferrer noopener\">romualdo.rodrigues@professor.ufcg.edu.br<\/a><\/td><td><a href=\"tel: 558321011179\" target=\"_blank\" rel=\"noreferrer noopener\">(83) 2101 1179<\/a><\/td><td><a href=\"http:\/\/lattes.cnpq.br\/1169292996645931\" target=\"_blank\" rel=\"noreferrer noopener\">http:\/\/lattes.cnpq.br\/1169292996645931<\/a><\/td><\/tr><\/tbody><\/table><\/figure>\n\n\n\n<p><\/p>","protected":false},"excerpt":{"rendered":"<p>CARGO NOME EMAIL TELEFONE LATTES Coordenador Administrativo Prof. Dr. Reginaldo Severo de Macedo reginaldo.severo@professor.ufcg.edu.br (83) 2101-1182 http:\/\/lattes.cnpq.br\/5207061220848694 Coordenador de Gradua\u00e7\u00e3o Prof. Dr. Carlos Thiago Candido Cunha carlos.thiago@professor.ufcg.edu.br (83) 2101-1180 http:\/\/lattes.cnpq.br\/0288408380576553 Coordenador de Pesquisa e Extens\u00e3o Prof.a Dr.a Edcleide Maria Ara\u00fajo edcleide.maria@professor.ufcg.edu.br (83) 2101 1183 http:\/\/lattes.cnpq.br\/1097999681102529 Coordenador de P\u00f3s-Gradua\u00e7\u00e3o Prof. Dr. Romualdo Rodrigues Menezes romualdo.rodrigues@professor.ufcg.edu.br (83) [&hellip;]<\/p>","protected":false},"author":1,"featured_media":0,"parent":0,"menu_order":0,"comment_status":"closed","ping_status":"closed","template":"","meta":{"footnotes":""},"class_list":["post-61","page","type-page","status-publish","hentry"],"_links":{"self":[{"href":"https:\/\/uaema.ufcg.edu.br\/en\/wp-json\/wp\/v2\/pages\/61","targetHints":{"allow":["GET"]}}],"collection":[{"href":"https:\/\/uaema.ufcg.edu.br\/en\/wp-json\/wp\/v2\/pages"}],"about":[{"href":"https:\/\/uaema.ufcg.edu.br\/en\/wp-json\/wp\/v2\/types\/page"}],"author":[{"embeddable":true,"href":"https:\/\/uaema.ufcg.edu.br\/en\/wp-json\/wp\/v2\/users\/1"}],"replies":[{"embeddable":true,"href":"https:\/\/uaema.ufcg.edu.br\/en\/wp-json\/wp\/v2\/comments?post=61"}],"version-history":[{"count":7,"href":"https:\/\/uaema.ufcg.edu.br\/en\/wp-json\/wp\/v2\/pages\/61\/revisions"}],"predecessor-version":[{"id":1162,"href":"https:\/\/uaema.ufcg.edu.br\/en\/wp-json\/wp\/v2\/pages\/61\/revisions\/1162"}],"wp:attachment":[{"href":"https:\/\/uaema.ufcg.edu.br\/en\/wp-json\/wp\/v2\/media?parent=61"}],"curies":[{"name":"wp","href":"https:\/\/api.w.org\/{rel}","templated":true}]}}