{"id":67,"date":"2022-04-27T11:19:30","date_gmt":"2022-04-27T14:19:30","guid":{"rendered":"https:\/\/test.cct.ufcg.edu.br\/?page_id=67"},"modified":"2024-06-10T10:35:59","modified_gmt":"2024-06-10T13:35:59","slug":"graduacao-corpo-docente","status":"publish","type":"page","link":"https:\/\/uaema.ufcg.edu.br\/en\/graduacao-corpo-docente\/","title":{"rendered":"Professors"},"content":{"rendered":"<p>List of Science and Materials Engineering <strong>Graduate<\/strong> em Engenharia de Materiais.<\/p>\n\n\n\n<figure class=\"wp-block-table\"><table><thead><tr><th><strong>NAME<\/strong><\/th><th><strong>EMAIL<\/strong><\/th><th><strong>LATTES<\/strong><\/th><\/tr><\/thead><tbody><tr><td>Aluska do Nascimento Sim\u00f5es Braga<\/td><td><a href=\"mailto:aluska.braga@professor.ufcg.edu.br\">aluska.braga@professor.ufcg.edu.br<\/a><\/td><td><a href=\"http:\/\/lattes.cnpq.br\/2429557575387821\">http:\/\/lattes.cnpq.br\/2429557575387821<\/a><\/td><\/tr><tr><td>Ana Cristina Figueiredo de Melo Costa<\/td><td><a href=\"mailto:ana.costa@ufcg.edu.br\" target=\"_blank\" rel=\"noreferrer noopener\">ana.figueiredo@professor.ufcg.edu.br<\/a><\/td><td><a href=\"http:\/\/lattes.cnpq.br\/6309225172752964\" target=\"_blank\" rel=\"noreferrer noopener\">http:\/\/lattes.cnpq.br\/6309225172752964<\/a><\/td><\/tr><tr><td>Ariosvaldo Alves Barbosa Sobrinho<\/td><td><a href=\"mailto:ariosvaldo.barbosa@ufcg.edu.br\" target=\"_blank\" rel=\"noreferrer noopener\">ariosvaldo.barbosa@ufcg.edu.br<\/a><\/td><td><a href=\"http:\/\/lattes.cnpq.br\/2926920050825350\" target=\"_blank\" rel=\"noreferrer noopener\">http:\/\/lattes.cnpq.br\/2926920050825350<\/a><\/td><\/tr><tr><td>Carlos Thiago Candido Cunha<\/td><td><a href=\"mailto:carlos.thiago@professor.ufcg.edu.br\">carlos.thiago@professor.ufcg.edu.br<\/a><\/td><td><a href=\"http:\/\/lattes.cnpq.br\/0288408380576553\">http:\/\/lattes.cnpq.br\/0288408380576553<\/a><\/td><\/tr><tr><td>Crislene Rodrigues da Silva Morais<\/td><td><a href=\"mailto:crislene.morais@ufcg.edu.br\" target=\"_blank\" rel=\"noreferrer noopener\">crislene.rodrigues@professor.ufcg.edu.br<\/a><\/td><td><a href=\"http:\/\/lattes.cnpq.br\/1255608881036504\" target=\"_blank\" rel=\"noreferrer noopener\">http:\/\/lattes.cnpq.br\/1255608881036504<\/a><\/td><\/tr><tr><td>Edcleide Maria Ara\u00fajo<\/td><td><a href=\"mailto:edcleide.araujo@ufcg.edu.br\" target=\"_blank\" rel=\"noreferrer noopener\">edcleide.maria@professor.ufcg.edu.br<\/a><\/td><td><a href=\"http:\/\/lattes.cnpq.br\/1097999681102529\" target=\"_blank\" rel=\"noreferrer noopener\">http:\/\/lattes.cnpq.br\/1097999681102529<\/a><\/td><\/tr><tr><td>Gelmides de Ara\u00fajo Neves<\/td><td><a href=\"mailto:gelmires.neves@ufcg.edu.br\" target=\"_blank\" rel=\"noreferrer noopener\">gelmires.araujo@professor.ufcg.edu.br<\/a><\/td><td><a href=\"http:\/\/lattes.cnpq.br\/3167458244674160\" target=\"_blank\" rel=\"noreferrer noopener\">http:\/\/lattes.cnpq.br\/3167458244674160<\/a><\/td><\/tr><tr><td>Helio de Lucena Lira<\/td><td><a href=\"mailto:helio.lira@ufcg.edu.br\" target=\"_blank\" rel=\"noreferrer noopener\">helio.lucena@professor.ufcg.edu.br<\/a><\/td><td><a href=\"http:\/\/lattes.cnpq.br\/5548799845411781\" data-type=\"link\" data-id=\"http:\/\/lattes.cnpq.br\/5548799845411781\" target=\"_blank\" rel=\"noreferrer noopener\">http:\/\/lattes.cnpq.br\/5548799845411781<\/a><\/td><\/tr><tr><td>Jos\u00e9 Jefferson da Silva Nascimento<\/td><td><a href=\"mailto:jefferson.nascimento@ufcg.edu.br\" target=\"_blank\" rel=\"noreferrer noopener\">jose.jefferson@professor.ufcg.edu.br<\/a><\/td><td><a href=\"http:\/\/lattes.cnpq.br\/7118096836659441\" data-type=\"link\" data-id=\"http:\/\/lattes.cnpq.br\/7118096836659441\" target=\"_blank\" rel=\"noreferrer noopener\">http:\/\/lattes.cnpq.br\/7118096836659441<\/a><\/td><\/tr><tr><td>Lisiane Navarro de Lima Santana<\/td><td><a href=\"mailto:lisiane.navarro@ufcg.edu.br\" target=\"_blank\" rel=\"noreferrer noopener\">lisiane.navarro@professor.ufcg.edu.br<\/a><\/td><td><a href=\"http:\/\/lattes.cnpq.br\/4057799848801141\">http:\/\/lattes.cnpq.br\/4057799848801141<\/a><\/td><\/tr><tr><td>Lucianna da Gama Fernandes Vieira<\/td><td><a href=\"mailto:lucianna.gama@ufcg.edu.br\" target=\"_blank\" rel=\"noreferrer noopener\">lucianna.gama@ufcg.edu.br<\/a><\/td><td><a href=\"http:\/\/lattes.cnpq.br\/9021473205267343\" target=\"_blank\" rel=\"noreferrer noopener\">http:\/\/lattes.cnpq.br\/9021473205267343<\/a><\/td><\/tr><tr><td>Marcelo Silveira Rabello<\/td><td><a href=\"mailto:marcelo.rabello@ufcg.edu.br\" target=\"_blank\" rel=\"noreferrer noopener\">marcelo.rabello@ufcg.edu.br<\/a><\/td><td><a href=\"http:\/\/lattes.cnpq.br\/0384726674523131\" target=\"_blank\" rel=\"noreferrer noopener\">http:\/\/lattes.cnpq.br\/0384726674523131<\/a><\/td><\/tr><tr><td>Marcus Vinicius Lia Fook<\/td><td><a href=\"mailto:marcus.fook@ufcg.edu.br\" target=\"_blank\" rel=\"noreferrer noopener\">marcus.liafook@certbio.ufcg.edu.br<\/a><\/td><td><a href=\"http:\/\/lattes.cnpq.br\/4149843752530120\" target=\"_blank\" rel=\"noreferrer noopener\">http:\/\/lattes.cnpq.br\/4149843752530120<\/a><\/td><\/tr><tr><td>Normanda Lino de Freitas<\/td><td><a href=\"mailto:normanda.lino@professor.ufcg.edu.br\">normanda.lino@professor.ufcg.edu.br<\/a><\/td><td><a href=\"http:\/\/lattes.cnpq.br\/0644427640208395\">http:\/\/lattes.cnpq.br\/0644427640208395<\/a><\/td><\/tr><tr><td>Reginaldo Severo de Macedo<\/td><td><a href=\"mailto:reginaldo.severo@ufcg.edu.br\" target=\"_blank\" rel=\"noreferrer noopener\">reginaldo.severo@professor.ufcg.edu.br<\/a><\/td><td><a href=\"http:\/\/lattes.cnpq.br\/5207061220848694\" target=\"_blank\" rel=\"noreferrer noopener\">http:\/\/lattes.cnpq.br\/5207061220848694<\/a><\/td><\/tr><tr><td>Romualdo Rodrigues Menezes<\/td><td><a href=\"mailto:romualdo.menezes@ufcg.edu.br\" target=\"_blank\" rel=\"noreferrer noopener\">romualdo.rodrigues@professor.ufcg.edu.br<\/a><\/td><td><a href=\"http:\/\/lattes.cnpq.br\/1169292996645931\" target=\"_blank\" rel=\"noreferrer noopener\">http:\/\/lattes.cnpq.br\/1169292996645931<\/a><\/td><\/tr><tr><td>R\u00f4mulo Feitosa Navarro<\/td><td><a href=\"mailto:romulonavarro@ufcg.edu.br\" target=\"_blank\" rel=\"noreferrer noopener\">romulonavarro@ufcg.edu.br<\/a><\/td><td><a href=\"http:\/\/lattes.cnpq.br\/2866846531266735\" target=\"_blank\" rel=\"noreferrer noopener\">http:\/\/lattes.cnpq.br\/2866846531266735<\/a><\/td><\/tr><tr><td>Su\u00e9dina Maria de Lima Silva<\/td><td><a href=\"mailto:suedina.silva@ufcg.edu.br\" target=\"_blank\" rel=\"noreferrer noopener\">suedina.maria@professor.ufcg.edu.br<\/a><\/td><td><a href=\"http:\/\/lattes.cnpq.br\/6437959556217825\" target=\"_blank\" rel=\"noreferrer noopener\">http:\/\/lattes.cnpq.br\/6437959556217825<\/a><\/td><\/tr><tr><td>Tom\u00e1s Jeferson Alves de M\u00e9lo<\/td><td><a href=\"mailto:tomas.jeferson@ufcg.edu.br\" target=\"_blank\" rel=\"noreferrer noopener\">tomas.jeferson@professor.ufcg.edu.br<\/a><\/td><td><a href=\"http:\/\/lattes.cnpq.br\/8562091525519918\" target=\"_blank\" rel=\"noreferrer noopener\">http:\/\/lattes.cnpq.br\/8562091525519918<\/a><\/td><\/tr><tr><td>Vilma Maria Sud\u00e9rio<\/td><td><a href=\"mailto:vilma.maria@professor.ufcg.edu.br\">vilma.maria@professor.ufcg.edu.br<\/a><\/td><td><a href=\"http:\/\/lattes.cnpq.br\/6610614136345367\">http:\/\/lattes.cnpq.br\/6610614136345367<\/a><\/td><\/tr><\/tbody><\/table><\/figure>\n\n\n\n<p><\/p>","protected":false},"excerpt":{"rendered":"<p>Lista de Professores do Curso de Gradua\u00e7\u00e3o em Engenharia de Materiais. NOME EMAIL LATTES Aluska do Nascimento Sim\u00f5es Braga aluska.braga@professor.ufcg.edu.br http:\/\/lattes.cnpq.br\/2429557575387821 Ana Cristina Figueiredo de Melo Costa ana.figueiredo@professor.ufcg.edu.br http:\/\/lattes.cnpq.br\/6309225172752964 Ariosvaldo Alves Barbosa Sobrinho ariosvaldo.barbosa@ufcg.edu.br http:\/\/lattes.cnpq.br\/2926920050825350 Carlos Thiago Candido Cunha carlos.thiago@professor.ufcg.edu.br http:\/\/lattes.cnpq.br\/0288408380576553 Crislene Rodrigues da Silva Morais crislene.rodrigues@professor.ufcg.edu.br http:\/\/lattes.cnpq.br\/1255608881036504 Edcleide Maria Ara\u00fajo edcleide.maria@professor.ufcg.edu.br http:\/\/lattes.cnpq.br\/1097999681102529 Gelmides de [&hellip;]<\/p>","protected":false},"author":1,"featured_media":0,"parent":0,"menu_order":0,"comment_status":"closed","ping_status":"closed","template":"","meta":{"footnotes":""},"class_list":["post-67","page","type-page","status-publish","hentry"],"_links":{"self":[{"href":"https:\/\/uaema.ufcg.edu.br\/en\/wp-json\/wp\/v2\/pages\/67","targetHints":{"allow":["GET"]}}],"collection":[{"href":"https:\/\/uaema.ufcg.edu.br\/en\/wp-json\/wp\/v2\/pages"}],"about":[{"href":"https:\/\/uaema.ufcg.edu.br\/en\/wp-json\/wp\/v2\/types\/page"}],"author":[{"embeddable":true,"href":"https:\/\/uaema.ufcg.edu.br\/en\/wp-json\/wp\/v2\/users\/1"}],"replies":[{"embeddable":true,"href":"https:\/\/uaema.ufcg.edu.br\/en\/wp-json\/wp\/v2\/comments?post=67"}],"version-history":[{"count":9,"href":"https:\/\/uaema.ufcg.edu.br\/en\/wp-json\/wp\/v2\/pages\/67\/revisions"}],"predecessor-version":[{"id":1072,"href":"https:\/\/uaema.ufcg.edu.br\/en\/wp-json\/wp\/v2\/pages\/67\/revisions\/1072"}],"wp:attachment":[{"href":"https:\/\/uaema.ufcg.edu.br\/en\/wp-json\/wp\/v2\/media?parent=67"}],"curies":[{"name":"wp","href":"https:\/\/api.w.org\/{rel}","templated":true}]}}