{"id":72,"date":"2022-04-27T11:31:49","date_gmt":"2022-04-27T14:31:49","guid":{"rendered":"https:\/\/test.cct.ufcg.edu.br\/?page_id=72"},"modified":"2024-04-15T15:30:38","modified_gmt":"2024-04-15T18:30:38","slug":"infraestrutura","status":"publish","type":"page","link":"https:\/\/uaema.ufcg.edu.br\/en\/infraestrutura\/","title":{"rendered":"Infrastructure"},"content":{"rendered":"<p>The Academic Unit of Materials Engineering graduates Materials Engineers with strong practical foundation and meets the demands of the job market. Our infrastructure encompasses several Ceramic, Metallic and Polymeric Materials laboratories, which have equipment for materials processing and characterization, such as: X ray diffraction, X ray fluorescence, particles size distribution determination (micrometric and nanometric), differential, gravimetric and calorimetric thermal analysis, dilatometry, scanning electron microscope, atomic force microscope, infrared spectroscopy Fourier transform, UV \/ Vis spectroscopy, surface area and nitrogen adsorption porosity analyzer, mercury porosimetry, zeta potential and electrophoretic mobility analyzer, He gas pycnometer, rheometers to study dispersions and solutions, microdriometer, several universal mechanical testing machines, various conventional burning ovens, rapid burning ovens, high power microwave ovens, mills, pressing machines, extruders, injectors, etc.\u00a0<\/p>\n\n\n\n<p>A Infraestrutura da Unidade Acad\u00eamica de Engenharia de Materiais \u00e9 baseada nos Laborat\u00f3rios de Ensino e nos Laborat\u00f3rios de Pesquisa e Desenvolvimento, notadamente daqueles que integram o Programa de P\u00f3s-Gradua\u00e7\u00e3o em Ci\u00eancia e Engenharia de Materiais, CAPES 06, desta Unidade Acad\u00eamica de Engenharia de Materiais do Centro de Ci\u00eancia e Tecnologia da UFCG. Esses Laborat\u00f3rios possibilitam ao Graduando e ao P\u00f3s-Graduando associar teoria \u00e0 pr\u00e1tica e desenvolver pesquisas no horizonte da tecnologia de materiais, gerando conhecimentos e visualizando aspectos pr\u00e1ticos e aplicados da Engenharia e Ci\u00eancia dos Materiais. Um maior detalhamento da Infraestrutura da Unidade Acad\u00eamica de Engenharia de Materiais pode ser encontrada na p\u00e1gina de <a href=\"https:\/\/uaema.ufcg.edu.br\/en\/pos-infraestrutura\/\">Infra and Labs<\/a> do PPG-CEMat.<\/p>","protected":false},"excerpt":{"rendered":"<p>A Unidade Acad\u00eamica de Engenharia de Materiais conta com uma completa Infraestrutura para formar Engenheiros de Materiais com forte fundamenta\u00e7\u00e3o pr\u00e1tica e atendendo as demandas do mercado de trabalho. Sua infraestrutura contempla v\u00e1rios Laborat\u00f3rios voltados para Materiais Cer\u00e2micos, Met\u00e1licos e Polim\u00e9ricos. Esses laborat\u00f3rios contam com equipamentos voltados para processamento e caracteriza\u00e7\u00e3o de materiais, como: difra\u00e7\u00e3o [&hellip;]<\/p>","protected":false},"author":1,"featured_media":0,"parent":0,"menu_order":0,"comment_status":"closed","ping_status":"closed","template":"","meta":{"footnotes":""},"class_list":["post-72","page","type-page","status-publish","hentry"],"_links":{"self":[{"href":"https:\/\/uaema.ufcg.edu.br\/en\/wp-json\/wp\/v2\/pages\/72","targetHints":{"allow":["GET"]}}],"collection":[{"href":"https:\/\/uaema.ufcg.edu.br\/en\/wp-json\/wp\/v2\/pages"}],"about":[{"href":"https:\/\/uaema.ufcg.edu.br\/en\/wp-json\/wp\/v2\/types\/page"}],"author":[{"embeddable":true,"href":"https:\/\/uaema.ufcg.edu.br\/en\/wp-json\/wp\/v2\/users\/1"}],"replies":[{"embeddable":true,"href":"https:\/\/uaema.ufcg.edu.br\/en\/wp-json\/wp\/v2\/comments?post=72"}],"version-history":[{"count":3,"href":"https:\/\/uaema.ufcg.edu.br\/en\/wp-json\/wp\/v2\/pages\/72\/revisions"}],"predecessor-version":[{"id":1053,"href":"https:\/\/uaema.ufcg.edu.br\/en\/wp-json\/wp\/v2\/pages\/72\/revisions\/1053"}],"wp:attachment":[{"href":"https:\/\/uaema.ufcg.edu.br\/en\/wp-json\/wp\/v2\/media?parent=72"}],"curies":[{"name":"wp","href":"https:\/\/api.w.org\/{rel}","templated":true}]}}