{"id":81,"date":"2022-04-27T11:36:39","date_gmt":"2022-04-27T14:36:39","guid":{"rendered":"https:\/\/test.cct.ufcg.edu.br\/?page_id=81"},"modified":"2022-04-27T11:36:39","modified_gmt":"2022-04-27T14:36:39","slug":"graduacao-formularios","status":"publish","type":"page","link":"https:\/\/uaema.ufcg.edu.br\/en\/graduacao-formularios\/","title":{"rendered":"Forms"},"content":{"rendered":"<div class=\"wp-block-file\"><a id=\"wp-block-file--media-a88a34e1-1b79-4cfc-99e2-892176e92c8b\" href=\"https:\/\/test.cct.ufcg.edu.br\/wp-content\/uploads\/2022\/04\/Formulrio-de-Solicitao-de-Banca-de-TCC.doc\">Formul\u00e1rio de Solicita\u00e7\u00e3o de Banca de TCC<\/a><a href=\"https:\/\/test.cct.ufcg.edu.br\/wp-content\/uploads\/2022\/04\/Formulrio-de-Solicitao-de-Banca-de-TCC.doc\" class=\"wp-block-file__button\" download aria-describedby=\"wp-block-file--media-a88a34e1-1b79-4cfc-99e2-892176e92c8b\">Baixar<\/a><\/div>","protected":false},"excerpt":{"rendered":"","protected":false},"author":1,"featured_media":0,"parent":0,"menu_order":0,"comment_status":"closed","ping_status":"closed","template":"","meta":{"footnotes":""},"class_list":["post-81","page","type-page","status-publish","hentry"],"_links":{"self":[{"href":"https:\/\/uaema.ufcg.edu.br\/en\/wp-json\/wp\/v2\/pages\/81","targetHints":{"allow":["GET"]}}],"collection":[{"href":"https:\/\/uaema.ufcg.edu.br\/en\/wp-json\/wp\/v2\/pages"}],"about":[{"href":"https:\/\/uaema.ufcg.edu.br\/en\/wp-json\/wp\/v2\/types\/page"}],"author":[{"embeddable":true,"href":"https:\/\/uaema.ufcg.edu.br\/en\/wp-json\/wp\/v2\/users\/1"}],"replies":[{"embeddable":true,"href":"https:\/\/uaema.ufcg.edu.br\/en\/wp-json\/wp\/v2\/comments?post=81"}],"version-history":[{"count":2,"href":"https:\/\/uaema.ufcg.edu.br\/en\/wp-json\/wp\/v2\/pages\/81\/revisions"}],"predecessor-version":[{"id":713,"href":"https:\/\/uaema.ufcg.edu.br\/en\/wp-json\/wp\/v2\/pages\/81\/revisions\/713"}],"wp:attachment":[{"href":"https:\/\/uaema.ufcg.edu.br\/en\/wp-json\/wp\/v2\/media?parent=81"}],"curies":[{"name":"wp","href":"https:\/\/api.w.org\/{rel}","templated":true}]}}