{"id":90,"date":"2022-04-27T11:40:34","date_gmt":"2022-04-27T14:40:34","guid":{"rendered":"https:\/\/test.cct.ufcg.edu.br\/?page_id=90"},"modified":"2022-04-27T11:40:34","modified_gmt":"2022-04-27T14:40:34","slug":"profissao","status":"publish","type":"page","link":"https:\/\/uaema.ufcg.edu.br\/en\/profissao\/","title":{"rendered":"Profession"},"content":{"rendered":"<h2 class=\"wp-block-heading\">A Profiss\u00e3o do Engenheiro de Materiais<\/h2>\n\n\n\n<div class=\"wp-block-image\"><figure class=\"alignleft size-full\"><img loading=\"lazy\" decoding=\"async\" width=\"400\" height=\"267\" src=\"https:\/\/test.cct.ufcg.edu.br\/wp-content\/uploads\/2022\/04\/121.jpeg\" alt=\"\" class=\"wp-image-91\" srcset=\"https:\/\/uaema.ufcg.edu.br\/wp-content\/uploads\/2022\/04\/121.jpeg 400w, https:\/\/uaema.ufcg.edu.br\/wp-content\/uploads\/2022\/04\/121-300x200.jpeg 300w\" sizes=\"auto, (max-width: 400px) 100vw, 400px\" \/><\/figure><\/div>\n\n\n\n<p>O engenheiro de materiais, \u00e9 um profissional multidisciplinar que atua na s\u00edntese, processamento e desenvolvimento de materiais, mas tamb\u00e9m de forma integrada com outras engenharias e \u00e1reas do conhecimento no desenvolvimento de projetos e pesquisa. O engenheiro de materiais atua em diversas \u00e1reas tecnol\u00f3gicas e setores industriais, trabalhando na gest\u00e3o e a supervis\u00e3o t\u00e9cnica de projetos e processos de produ\u00e7\u00e3o, transforma\u00e7\u00e3o e uso de materiais. Ele responde por todo o processo produtivo, desde a sele\u00e7\u00e3o das mat\u00e9rias-primas, passando pela defini\u00e7\u00e3o dos m\u00e9todos mais apropriados para produ\u00e7\u00e3o do produto final at\u00e9 a especifica\u00e7\u00e3o do uso mais adequado deste produto. Ademais, o engenheiro de materiais realiza estudos, ensaios e avalia\u00e7\u00e3o dos materiais para minimizar custos, garantir a qualidade do produto final, possibilitar a reciclagem dos materiais; e faz presta\u00e7\u00e3o de servi\u00e7os, assist\u00eancia e consultoria a institui\u00e7\u00f5es de ensino, de fomento, de pesquisa e de desenvolvimento cient\u00edfico e tecnol\u00f3gico.<br>O profissional da \u00e1rea da Engenharia de Materiais tem um campo amplo de atua\u00e7\u00e3o, podendo trabalhar nas ind\u00fastrias petroqu\u00edmicas, sider\u00fargicas e metal\u00fargicas, automobil\u00edstica, de transforma\u00e7\u00e3o de pol\u00edmeros, no setor de reciclagem de materiais, em empresas de cimento, vidro e cer\u00e2micas, sendo o setor petroqu\u00edmico e sider\u00fargico o que mais contrata engenheiros de materiais. Como os demais engenheiros, o engenheiro de materiais tamb\u00e9m \u00e9 muito valorizado no setor financeiro, procurado por bancos e empresas devido \u00e0 base s\u00f3lida em matem\u00e1tica e \u00e0 capacidade de resolver problemas.<\/p>","protected":false},"excerpt":{"rendered":"<p>A Profiss\u00e3o do Engenheiro de Materiais O engenheiro de materiais, \u00e9 um profissional multidisciplinar que atua na s\u00edntese, processamento e desenvolvimento de materiais, mas tamb\u00e9m de forma integrada com outras engenharias e \u00e1reas do conhecimento no desenvolvimento de projetos e pesquisa. O engenheiro de materiais atua em diversas \u00e1reas tecnol\u00f3gicas e setores industriais, trabalhando na [&hellip;]<\/p>","protected":false},"author":1,"featured_media":0,"parent":0,"menu_order":0,"comment_status":"closed","ping_status":"closed","template":"","meta":{"footnotes":""},"class_list":["post-90","page","type-page","status-publish","hentry"],"_links":{"self":[{"href":"https:\/\/uaema.ufcg.edu.br\/en\/wp-json\/wp\/v2\/pages\/90","targetHints":{"allow":["GET"]}}],"collection":[{"href":"https:\/\/uaema.ufcg.edu.br\/en\/wp-json\/wp\/v2\/pages"}],"about":[{"href":"https:\/\/uaema.ufcg.edu.br\/en\/wp-json\/wp\/v2\/types\/page"}],"author":[{"embeddable":true,"href":"https:\/\/uaema.ufcg.edu.br\/en\/wp-json\/wp\/v2\/users\/1"}],"replies":[{"embeddable":true,"href":"https:\/\/uaema.ufcg.edu.br\/en\/wp-json\/wp\/v2\/comments?post=90"}],"version-history":[{"count":1,"href":"https:\/\/uaema.ufcg.edu.br\/en\/wp-json\/wp\/v2\/pages\/90\/revisions"}],"predecessor-version":[{"id":92,"href":"https:\/\/uaema.ufcg.edu.br\/en\/wp-json\/wp\/v2\/pages\/90\/revisions\/92"}],"wp:attachment":[{"href":"https:\/\/uaema.ufcg.edu.br\/en\/wp-json\/wp\/v2\/media?parent=90"}],"curies":[{"name":"wp","href":"https:\/\/api.w.org\/{rel}","templated":true}]}}