{"id":94,"date":"2022-04-27T11:42:02","date_gmt":"2022-04-27T14:42:02","guid":{"rendered":"https:\/\/test.cct.ufcg.edu.br\/?page_id=94"},"modified":"2022-06-02T11:50:13","modified_gmt":"2022-06-02T14:50:13","slug":"graduacao-estrutura-do-curso","status":"publish","type":"page","link":"https:\/\/uaema.ufcg.edu.br\/en\/graduacao-estrutura-do-curso\/","title":{"rendered":"Course Structure"},"content":{"rendered":"<p>O Projeto Pedag\u00f3gico do Curso (PPC) \u00e9 baseado nas Diretrizes Curriculares Nacionais (DCNs), que definem o Projeto Pedag\u00f3gico como o conjunto das atividades previstas que garantir\u00e1 o perfil e o desenvolvimento das compet\u00eancias e habilidades esperadas do egresso, dando \u00eanfase \u00e0 necessidade de se reduzir o tempo de sala de aula, favorecendo o trabalho individual e em grupo dos estudantes.<\/p>\n\n\n\n<p>Em s\u00edntese, o PPC apresenta um N\u00facleo de Conte\u00fados B\u00e1sicos, com 1.560 horas; um N\u00facleo de Conte\u00fados Profissionalizantes, com 420 horas; e um N\u00facleo de Conte\u00fados Espec\u00edficos Obrigat\u00f3rios, com 1.620 horas, perfazendo uma carga hor\u00e1ria total de 3.600 horas, correspondendo a 240 cr\u00e9ditos, que \u00e9 m\u00ednimo exigido pela Resolu\u00e7\u00e3o 02\/2007, do CNE\/CES-MEC.<\/p>\n\n\n\n<p>Os fluxogramas abaixo apresentam a Grade Curricular do Curso.<\/p>\n\n\n\n<div data-wp-interactive=\"core\/file\" class=\"wp-block-file\"><object data-wp-bind--hidden=\"!state.hasPdfPreview\" hidden class=\"wp-block-file__embed\" data=\"https:\/\/test.cct.ufcg.edu.br\/wp-content\/uploads\/2022\/04\/FluxogramaDoCursoEngenhariaDeMateriais.pdf\" type=\"application\/pdf\" style=\"width:100%;height:600px\" aria-label=\"Embed of Incorporado de Fluxograma do Curso de Engenharia de Materiais..\"><\/object><a id=\"wp-block-file--media-67d63f52-84a2-4e3f-a1be-415047fb555d\" href=\"https:\/\/uaema.ufcg.edu.br\/wp-content\/uploads\/2022\/04\/FluxogramaDoCursoEngenhariaDeMateriais.pdf\">Fluxograma do Curso de Engenharia de Materiais<\/a><a href=\"https:\/\/test.cct.ufcg.edu.br\/wp-content\/uploads\/2022\/04\/FluxogramaDoCursoEngenhariaDeMateriais.pdf\" class=\"wp-block-file__button\" download aria-describedby=\"wp-block-file--media-67d63f52-84a2-4e3f-a1be-415047fb555d\">Baixar<\/a><\/div>","protected":false},"excerpt":{"rendered":"<p>O Projeto Pedag\u00f3gico do Curso (PPC) \u00e9 baseado nas Diretrizes Curriculares Nacionais (DCNs), que definem o Projeto Pedag\u00f3gico como o conjunto das atividades previstas que garantir\u00e1 o perfil e o desenvolvimento das compet\u00eancias e habilidades esperadas do egresso, dando \u00eanfase \u00e0 necessidade de se reduzir o tempo de sala de aula, favorecendo o trabalho individual [&hellip;]<\/p>","protected":false},"author":1,"featured_media":0,"parent":0,"menu_order":0,"comment_status":"closed","ping_status":"closed","template":"","meta":{"footnotes":""},"class_list":["post-94","page","type-page","status-publish","hentry"],"_links":{"self":[{"href":"https:\/\/uaema.ufcg.edu.br\/en\/wp-json\/wp\/v2\/pages\/94","targetHints":{"allow":["GET"]}}],"collection":[{"href":"https:\/\/uaema.ufcg.edu.br\/en\/wp-json\/wp\/v2\/pages"}],"about":[{"href":"https:\/\/uaema.ufcg.edu.br\/en\/wp-json\/wp\/v2\/types\/page"}],"author":[{"embeddable":true,"href":"https:\/\/uaema.ufcg.edu.br\/en\/wp-json\/wp\/v2\/users\/1"}],"replies":[{"embeddable":true,"href":"https:\/\/uaema.ufcg.edu.br\/en\/wp-json\/wp\/v2\/comments?post=94"}],"version-history":[{"count":2,"href":"https:\/\/uaema.ufcg.edu.br\/en\/wp-json\/wp\/v2\/pages\/94\/revisions"}],"predecessor-version":[{"id":546,"href":"https:\/\/uaema.ufcg.edu.br\/en\/wp-json\/wp\/v2\/pages\/94\/revisions\/546"}],"wp:attachment":[{"href":"https:\/\/uaema.ufcg.edu.br\/en\/wp-json\/wp\/v2\/media?parent=94"}],"curies":[{"name":"wp","href":"https:\/\/api.w.org\/{rel}","templated":true}]}}