{"id":98,"date":"2022-04-27T11:45:06","date_gmt":"2022-04-27T14:45:06","guid":{"rendered":"https:\/\/test.cct.ufcg.edu.br\/?page_id=98"},"modified":"2025-08-14T09:38:19","modified_gmt":"2025-08-14T12:38:19","slug":"pos-apresentacao","status":"publish","type":"page","link":"https:\/\/uaema.ufcg.edu.br\/en\/pos-apresentacao\/","title":{"rendered":"Presentation"},"content":{"rendered":"<h2 class=\"wp-block-heading\">Program Story and Contextualization<\/h2>\n\n\n\n<p>Science and Materials Engineering Postgraduate Program (PPG-CEMat), coordinated by Materials Engineering Academic Unit of the Technology and Sciences Center (CCT) of Universidade Federal de Campina Grande (UFCG) was created in 2003 with Master\u2019s degree concept 3 and started its activities in February 2004. In the first CAPES triennial evaluation, the concept of the program was 4. In August 2007 the Doctorate Course was created with concept 4. In the triennial evaluation 2013 the program had its concept increased to 5. Since its creation, the program has graduated 240 masters 100 doctors.<\/p>\n\n\n<div class=\"wp-block-image\">\n<figure class=\"alignleft size-full\"><img loading=\"lazy\" decoding=\"async\" width=\"400\" height=\"267\" src=\"https:\/\/test.cct.ufcg.edu.br\/wp-content\/uploads\/2022\/04\/110.jpeg\" alt=\"\" class=\"wp-image-99\" srcset=\"https:\/\/uaema.ufcg.edu.br\/wp-content\/uploads\/2022\/04\/110.jpeg 400w, https:\/\/uaema.ufcg.edu.br\/wp-content\/uploads\/2022\/04\/110-300x200.jpeg 300w\" sizes=\"auto, (max-width: 400px) 100vw, 400px\" \/><\/figure>\n<\/div>\n\n\n<p>Our staff is made of 15 full professor, 13 of them are CNPq research and development productivity scholarship holders.<\/p>\n\n\n\n<p>The creation of PPG-CEMat was motivated by the demand of local professionals who wanted to develop a postgraduate program in Science and Materials Engineering in Campina Grande, and by the necessity to develop technology in the region. PPG-CEMat is in a poor region of northeastern Brazil that needed, and still needs, academic support to stimulate and boost the economic sector, by developing technology, knowledge and capable human capital. Thus, PPG-CEMat aims to fund regional professional development and to contribute with economic and social success.<\/p>\n\n\n\n<p>In this context, the program aims at the training and the graduation of highly capable professionals, who apply the fundamental principles of Science and Materials Engineering to the studies of the interrelationships among the microstructures and the properties of materials, during their processing and use. In this framework, the professionals shall have penchant for research and development in Science and Materials Engineering.<\/p>\n\n\n\n<p>As for teaching, research and extension activities, the program encompasses a concentration (Structure, Process and Material Properties) area and five research lines:<\/p>\n\n\n\n<ul class=\"wp-block-list\">\n<li>Composites e Blends;<\/li>\n\n\n\n<li>Durability and Material Recycling;<\/li>\n\n\n\n<li>Advanced Materials;<\/li>\n\n\n\n<li>Ceramic Materials;<\/li>\n\n\n\n<li>Physics Metallurgy.<\/li>\n<\/ul>\n\n\n\n<p>In Science and Materials Engineering Postgraduate Program (PPG-CEMat), besides the researches with traditional local raw materials (clay, industrial waste, natural fibers, etc) that are intended for the development of the region, there was a significant growth in researches using advanced smart materials with shape memory, nanocomposites, nanopowder, synthetic nanofibers, membranes. Presently, biomaterials research stands out.<\/p>\n\n\n\n<p>Furthermore, PPG-CEMAT intensifies exchange with different countries like: Portugal, Germany, Cuba, Italy, France, United States, Spain and England, aiming to strengthen techno-scientific relations with reputed researchers in several Science and Materials Engineering areas, improving the quality of the work developed in PPG-CEMat; training our professors and expanding insertion of PPG-CEMat in national and international contexts.<\/p>\n\n\n\n<p><strong>Defesas de Disserta\u00e7\u00e3o de Mestrado e Tese de Doutorado de 2025<\/strong>:<br>&#8211; Tese de Doutorado do(a) discente: Glauber Rodrigues Cerqueira de Cerqueira. Intitulada: VIDRO BIOATIVO 58S DOPADO COM BISMUTO VIA S\u00cdNTESE SOL-GEL PARA TRATAMENTO DE OSTEOSSARCOMA (28 de Fevereiro de 2025, \u00e0s 14 horas) no Audit\u00f3rio do CERTBIO<br>&#8211; Tese de Doutorado do(a) discente: Jos\u00e9 William de Lima Souza. Intitulada: HIDROGEL FORMULADO POR BIOPOL\u00cdMEROS COM POTENCIALIDADE DE BIOIMPRESS\u00c3O PARA USO NA ENGENHARIA DE TECIDOS (27 de Fevereiro de 2025, \u00e0s 14 horas) no Audit\u00f3rio do CERTBIO<br>&#8211; Tese de Doutorado do(a) discente: Jos\u00e9 Adeilton de Carvalho Filho. Intitulada: SCAFFOLDS DE CoFe2O4\/PLA OBTIDOS POR IMPRESS\u00c3O 3D COM POTENCIAL APLICA\u00c7\u00c3O NA REGENERA\u00c7\u00c3O DE TECIDO \u00d3SSEO (24 de Fevereiro de 2024, \u00e0s 14 horas) no Audit\u00f3rio do Labsmac &#8211; Bloco CD<br>&#8211; Tese de Doutorado do(a) discente: Joel Silva de Oliveira. Intitulada: ESTUDO DO FLUXO RADIAL DE RESINA EM MEIO POROSO FIBROSO PARA MANUFATURA DE COMP\u00d3SITOS POR RTM: MODELAGEM E SIMULA\u00c7\u00c3O (27 de fevereiro de 2025, \u00e0s 14 horas e 30 minutos) no Audit\u00f3rio do Laborat\u00f3rio de Caracteriza\u00e7\u00e3o de Materiais (LCM\/UAEMa\/UFCG)<br>&#8211; Tese de Doutorado do(a) discente: Luciano Nascimento. Intitulada: LIGAS AMORFAS SINTETIZADAS POR MOAGEM DE ALTA ENERGIA: UM ESTUDO SOBRE SUAS APLICA\u00c7\u00d5ES COMO BIOMATERIAIS EM REGENERA\u00c7\u00c3O \u00d3SSEA. (26 de Fevereiro de 2025, \u00e0s 14 horas) no Audit\u00f3rio do Laborat\u00f3rio de Caracteriza\u00e7\u00e3o de Materiais (LCM\/UAEMa\/UFCG).<br>&#8211; Disserta\u00e7\u00e3o de Mestrado do(a) discente: Keila da Concei\u00e7\u00e3o Costa. Intitulada: Scaffolds nanofibrosos de vidros bioativos 45S5 dopados com \u00edons terap\u00eauticos produzidos por solution blow spinning (SBS) (28 de Fevereiro de 2025, \u00e0s 8 horas) no Audit\u00f3rio do Laborat\u00f3rio de Caracteriza\u00e7\u00e3o de Materiais (LCM\/UAEMa\/UFCG)<br>&#8211; Tese de Doutorado do(a) discente: Vanderlane Cavalcanti da Silva. Intitulada: PRODU\u00c7\u00c3O DE SCAFFOLDS NANOFIBROSOS DE FOSFATOS DE C\u00c1LCIO\/PLA\/PVP MODIFICADOS COM ZINCO OBTIDOS POR FIA\u00c7\u00c3O POR SOPRO EM SOLU\u00c7\u00c3O VISANDO APLICA\u00c7\u00c3O EM REGENERA\u00c7\u00c3O \u00d3SSEA (25 de fevereiro de 2025, \u00e0s 14 horas) no Audit\u00f3rio do CERTBIO<br>&#8211; Tese de Doutorado do(a) discente: M\u00e1rio Gomes da Silva J\u00fanior. Intitulada: Nanofibras de C-N-\u03b1\/h-MoO3 via T\u00e9cnica Air-Heated Solution Blow Spinning para Tratamento de \u00c1gua (24 de Fevereiro de 2025, \u00e0s 8 horas) no Audit\u00f3rio do Laborat\u00f3rio de Caracteriza\u00e7\u00e3o de Materiais (LCM\/UAEMa\/UFCG).<br>&#8211; Disserta\u00e7\u00e3o de Mestrado do(a) discente: Deyse Celestte Soares Pereira. Intitulada: Uso de Res\u00edduos Minerais na Produ\u00e7\u00e3o de Membranas Porosas para Tratamento de \u00c1gua ( 21 de fevereiro de 2025, \u00e0s 14 horas) no Audit\u00f3rio do Laborat\u00f3rio de Caracteriza\u00e7\u00e3o de Materiais (LCM\/UAEMa\/UFCG).<br>&#8211; Tese de Doutorado do(a) discente: Alanne Vandreia da Silva Alves. Intitulada: DESENVOLVIMENTO DE UM BIOSSENSOR \u00d3PTICO DE UR\u00c9IA PARA CONTROLE DE DOEN\u00c7A RENAL CAUSADA POR COVID-19 UTILIZANDO REDES NEURAIS CONVOLUCIONAIS (04\u00a0de julho de 2025, \u00e0s 15 horas) no Audit\u00f3rio do CERTBIO.<br>&#8211; Disserta\u00e7\u00e3o de Mestrado do(a) discente: Sofia Jansen de Medeiros Alves, intitulada\u00a0Desenvolvimento de Biotinta de Quitosana e Gelatina para Bioimpress\u00e3o de Curativos (25 de agosto de 2025, \u00e0s 9 horas), no Audit\u00f3rio do CERTBIO.<br>&#8211; Disserta\u00e7\u00e3o de Mestrado do(a) discente: Helo\u00edsa Maria de Oliveira, intitulada VALORIZA\u00c7\u00c3O DA CINZA DE BIOMASSA &#8211; USO NA COMPOSI\u00c7\u00c3O DE MASSAS CER\u00c2MICAS VISANDO A PRODU\u00c7\u00c3O DE MEMBRANAS PARA MICROFILTRA\u00c7\u00c3O (22 de agosto de 2025, \u00e0s 10 horas) na Sala 01 do LCM.<br>&#8211; Disserta\u00e7\u00e3o de Mestrado do(a) discente: \u00a0Gabrielly Stefanny Dantas do Nascimento, intitulada Prepara\u00e7\u00e3o e Caracteriza\u00e7\u00e3o de Membranas de Poli(\u03b5-Caprolactona (PCL) Obtidas por Invers\u00e3o de Fase (25 de agosto de 2025, \u00e0s 16 horas) no Audit\u00f3rio do LCM.<br>&#8211; Disserta\u00e7\u00e3o de Mestrado do(a) discente: \u00a0Vit\u00f3ria Hellem Marques Costa Guedes, intitulada UMA AN\u00c1LISE COMPARATIVA DE LIGAS SUPEREL\u00c1STICAS \u00c0 BASE DE Ti-Nb PROCESSADAS POR FUS\u00c3O A ARCO E LAMINA\u00c7\u00c3O A FRIO (18 de Agosto de 2025, \u00e0s 9 horas) na Sala 002 &#8211; Bloco BI.<br>&#8211; Disserta\u00e7\u00e3o de Mestrado do(a) discente: \u00a0Maria Clara de Medeiros Santos, intitulada Comp\u00f3sitos de PCL com Bioaditivos Naturais para Aplica\u00e7\u00e3o em Filmes de Mulching (25 de Agosto de 2025<strong>,<\/strong>\u00a0\u00e0s 14 horas) no Audit\u00f3rio do LCM.<br>&#8211; Disserta\u00e7\u00e3o de Mestrado do(a) discente: <strong>\u00a0<\/strong>Izabelle de Assis e Silva, intitulada AVALIA\u00c7\u00c3O DAS PROPRIEDADES MEC\u00c2NICAS DE FIOS DE QUITOSANA\/\u00d3XIDO DE GRAFENO PARA SUTURAS CIR\u00daRGICAS (27 de agosto de 2025, \u00e0s 10 horas) no Audit\u00f3rio do CERTBIO.<br>&#8211; Disserta\u00e7\u00e3o de Mestrado do(a) discente: <strong>\u00a0<\/strong>Jaini Miscilene de Ara\u00fajo, intitulada DESENVOLVIMENTO DE COMP\u00d3SITOS TPU\/PCL\/Fe\u2083O\u2084 COM MEM\u00d3RIA DE FORMA MULTIRRESPONSIVA PARA APLICA\u00c7\u00d5ES EM IMPRESS\u00c3O 4D (26\u00a0de Agosto de 2025, \u00e0s 14horas) no Audit\u00f3rio do LCM.<br>&#8211; Disserta\u00e7\u00e3o de Mestrado do(a) discente: Mary Gleyce Andrade da Silva, intitulada FILMES DE AMIDO DA CASCA DE BATATA RETICULADOS VIA \u00c1CIDO C\u00cdTRICO: CIN\u00c9TICA DE GELATINIZA\u00c7\u00c3O E IMOBILIZA\u00c7\u00c3O DE PORFIRINAS DE BASE LIVRE (20 de agosto de 2025,\u00a0\u00e0s 15 horas) na sala de reuni\u00e3o da UAEMA.<br>&#8211; Disserta\u00e7\u00e3o de Mestrado do(a) discente: Marco T\u00falio Marinho Duarte, intitulada MEMBRANA SUBLINGUAL DE CARBOXIMETILQUITOSANA\/GELATINA E MORFINA PARA O TRATAMENTO DA DOR P\u00d3S OPERAT\u00d3RIO (20 de agosto de 2025, \u00a0\u00e0s 16 horas) no Audit\u00f3rio do CERTBIO.<br>&#8211; Disserta\u00e7\u00e3o de Mestrado do(a) discente: \u00a0Ruy C\u00e9sar de Freitas Evangelista, intitulada FILMES DE CARBOXIMETILQUITOSANA\/GELATINA E CETOROLACO PARA O TRATAMENTO DA DOR P\u00d3S OPERAT\u00d3RIO (20 de Agosto de 2025, \u00e0s 14 horas) no Audit\u00f3rio do\u00a0CERTBIO.<br>&#8211; Disserta\u00e7\u00e3o de Mestrado do(a) discente: Ana Renata Mendes de Lima, intitulada Desenvolvimento de M\u00e1scara Facial Peel Off Formulada com Adi\u00e7\u00e3o de Argila Benton\u00edtica da Para\u00edba (29 de Agosto de 2025, \u00e0s 09 horas) no Audit\u00f3rio do\u00a0CERTBIO.<br>&#8211; Disserta\u00e7\u00e3o de Mestrado do(a) discente: Rebeka Lorena de Ara\u00fajo Gon\u00e7alves, intitulada MEMBRANA DE QUITOSANA\/HIDROXIAPATITA\/CLIDAMICINA PARA REGENERA\u00c7\u00c3O ALVEOLAR (29 de Agosto de 2025, \u00e0s 14 horas) no Audit\u00f3rio do\u00a0CERTBIO.<br>&#8211; Disserta\u00e7\u00e3o de Mestrado do(a) discente: Roberta Amador de Abreu, intitulada HIDROGEL DE QUITOSANA COM MIMOSA TENUIFLORA PARA O TRATAMENTO DE \u00daLCERAS VASCULOG\u00caNICAS (29 de Agosto de 2025, \u00e0s 17 horas) no Audit\u00f3rio do\u00a0CERTBIO.<br>&#8211; Tese de Doutorado do(a) discente: Cynthia Ribeiro Guimar\u00e3es, intitulada DESENVOLVIMENTO DE SISTEMAS FIBROSOS POLIM\u00c9RICOS DE QUITOSANA\/PVA OBTIDOS POR AIR-HEATED SOLUTION BLOW SPINNING PARA TRATAMENTO DE \u00c1GUAS RESIDU\u00c1RIAS (28 de Agosto de 2025, \u00e0s 14 horas) no Audit\u00f3rio do\u00a0CERTBIO.<br><br><\/p>\n\n\n\n<p><\/p>\n\n\n\n<p><\/p>\n\n\n\n<p><br><\/p>\n\n\n\n<p><\/p>","protected":false},"excerpt":{"rendered":"<p>Hist\u00f3rico e Contextualiza\u00e7\u00e3o do Programa O Programa de P\u00f3s-Gradua\u00e7\u00e3o em Ci\u00eancia e Engenharia de Materiais (PPG-CEMat), Coordenado pela Unidade Acad\u00eamica de Engenharia de Materiais do Centro de Ci\u00eancias e Tecnologia (CCT) da Universidade Federal de Campina Grande (UFCG), foi criado em 2003 em n\u00edvel de mestrado com Conceito 3, com inicio de suas atividades em [&hellip;]<\/p>","protected":false},"author":1,"featured_media":0,"parent":0,"menu_order":0,"comment_status":"closed","ping_status":"closed","template":"","meta":{"footnotes":""},"class_list":["post-98","page","type-page","status-publish","hentry"],"_links":{"self":[{"href":"https:\/\/uaema.ufcg.edu.br\/en\/wp-json\/wp\/v2\/pages\/98","targetHints":{"allow":["GET"]}}],"collection":[{"href":"https:\/\/uaema.ufcg.edu.br\/en\/wp-json\/wp\/v2\/pages"}],"about":[{"href":"https:\/\/uaema.ufcg.edu.br\/en\/wp-json\/wp\/v2\/types\/page"}],"author":[{"embeddable":true,"href":"https:\/\/uaema.ufcg.edu.br\/en\/wp-json\/wp\/v2\/users\/1"}],"replies":[{"embeddable":true,"href":"https:\/\/uaema.ufcg.edu.br\/en\/wp-json\/wp\/v2\/comments?post=98"}],"version-history":[{"count":12,"href":"https:\/\/uaema.ufcg.edu.br\/en\/wp-json\/wp\/v2\/pages\/98\/revisions"}],"predecessor-version":[{"id":1253,"href":"https:\/\/uaema.ufcg.edu.br\/en\/wp-json\/wp\/v2\/pages\/98\/revisions\/1253"}],"wp:attachment":[{"href":"https:\/\/uaema.ufcg.edu.br\/en\/wp-json\/wp\/v2\/media?parent=98"}],"curies":[{"name":"wp","href":"https:\/\/api.w.org\/{rel}","templated":true}]}}